{"id":1175,"date":"2015-02-05T10:22:10","date_gmt":"2015-02-05T10:22:10","guid":{"rendered":"https:\/\/www.pastisseriesgil.com\/contact-us\/"},"modified":"2017-02-09T09:54:18","modified_gmt":"2017-02-09T09:54:18","slug":"pastisseria-llivia","status":"publish","type":"page","link":"https:\/\/www.pastisseriesgil.com\/ca\/pastisseria-llivia\/","title":{"rendered":"Pastisseria Llivia"},"content":{"rendered":"<div class=\"wpb-content-wrapper\"><p>[vc_row row_type=&#8221;row_full_center_content&#8221; padding_top=&#8221;10&#8243;][vc_column width=&#8221;1\/2&#8243;]\n\t<div class=\"custom-heading wpb_content_element \">\n\t\t<h2 class=\"heading-title\" >FORMULARI DE CONTACTE<\/h2>\n\t\t<span class=\"heading-line primary\"><\/span>\n\t<\/div>[vc_column_text]Si vol sol\u00b7licitar una comanda per enc\u00e0rrec, pot contactar amb nosaltres mitjan\u00e7ant el seg\u00fcent formulari o mitjan\u00e7ant el nostre tel\u00e8fon:[\/vc_column_text]\n<div class=\"wpcf7 no-js\" id=\"wpcf7-f1276-o1\" lang=\"es-ES\" dir=\"ltr\" data-wpcf7-id=\"1276\">\n<div class=\"screen-reader-response\"><p role=\"status\" aria-live=\"polite\" aria-atomic=\"true\"><\/p> <ul><\/ul><\/div>\n<form action=\"\/ca\/wp-json\/wp\/v2\/pages\/1175#wpcf7-f1276-o1\" method=\"post\" class=\"wpcf7-form init\" aria-label=\"Contact form\" novalidate=\"novalidate\" data-status=\"init\">\n<fieldset class=\"hidden-fields-container\"><input type=\"hidden\" name=\"_wpcf7\" value=\"1276\" \/><input type=\"hidden\" name=\"_wpcf7_version\" value=\"6.1.5\" \/><input type=\"hidden\" name=\"_wpcf7_locale\" value=\"es_ES\" \/><input type=\"hidden\" name=\"_wpcf7_unit_tag\" value=\"wpcf7-f1276-o1\" \/><input type=\"hidden\" name=\"_wpcf7_container_post\" value=\"0\" \/><input type=\"hidden\" name=\"_wpcf7_posted_data_hash\" value=\"\" \/><input type=\"hidden\" name=\"_wpcf7_recaptcha_response\" value=\"\" \/>\n<\/fieldset>\n<div class=\"form_1_2\">\n\t<p><span class=\"wpcf7-form-control-wrap\" data-name=\"first-name\"><input size=\"40\" maxlength=\"400\" class=\"wpcf7-form-control wpcf7-text wpcf7-validates-as-required\" aria-required=\"true\" aria-invalid=\"false\" placeholder=\"Nom i cognoms *\" value=\"\" type=\"text\" name=\"first-name\" \/><\/span>\n\t<\/p>\n<\/div>\n<div class=\"clear\">\n<\/div>\n<div class=\"form_1_2\">\n\t<p><span class=\"wpcf7-form-control-wrap\" data-name=\"your-email\"><input size=\"40\" maxlength=\"400\" class=\"wpcf7-form-control wpcf7-email wpcf7-validates-as-required wpcf7-text wpcf7-validates-as-email\" aria-required=\"true\" aria-invalid=\"false\" placeholder=\"Email *\" value=\"\" type=\"email\" name=\"your-email\" \/><\/span>\n\t<\/p>\n<\/div>\n<div class=\"form_1_2 last\">\n\t<p><span class=\"wpcf7-form-control-wrap\" data-name=\"tel-879\"><input size=\"40\" maxlength=\"400\" class=\"wpcf7-form-control wpcf7-tel wpcf7-validates-as-required wpcf7-text wpcf7-validates-as-tel\" aria-required=\"true\" aria-invalid=\"false\" placeholder=\"Telefon: *\" value=\"\" type=\"tel\" name=\"tel-879\" \/><\/span>\n\t<\/p>\n<\/div>\n<div class=\"clear\">\n<\/div>\n<p><span class=\"wpcf7-form-control-wrap\" data-name=\"your-message\"><textarea cols=\"40\" rows=\"10\" maxlength=\"2000\" class=\"wpcf7-form-control wpcf7-textarea\" aria-invalid=\"false\" placeholder=\"Comentari\" name=\"your-message\"><\/textarea><\/span>\n<\/p>\n<p><span class=\"wpcf7-form-control-wrap\" data-name=\"acceptance-602\"><span class=\"wpcf7-form-control wpcf7-acceptance\"><span class=\"wpcf7-list-item\"><label><input type=\"checkbox\" name=\"acceptance-602\" value=\"1\" aria-invalid=\"false\" \/><span class=\"wpcf7-list-item-label\">He llegit i accepto l'<a href=\"\/ca\/avis-legal\">Av\u00eds legal<\/a> i la <a href=\"\/ca\/politica-privacitat\">Pol\u00edtica de Privacitat<\/a>.<\/span><\/label><\/span><\/span><\/span>\n<\/p>\n<p><span class=\"wpcf7-form-control-wrap\" data-name=\"checkbox-156\"><span class=\"wpcf7-form-control wpcf7-checkbox\"><span class=\"wpcf7-list-item first last\"><input type=\"checkbox\" name=\"checkbox-156[]\" value=\"Desitjo rebre informaci\u00f3 comercial.\" \/><span class=\"wpcf7-list-item-label\">Desitjo rebre informaci\u00f3 comercial.<\/span><\/span><\/span><\/span>\n<\/p>\n<span class=\"wpcf7-form-control-wrap recaptcha\" data-name=\"recaptcha\"><span data-sitekey=\"6LeG0NMUAAAAANlLPxQTznB7NG_kLJ_CQFAeTegb\" class=\"wpcf7-form-control wpcf7-recaptcha g-recaptcha\"><\/span>\r\n<noscript>\r\n\t<div class=\"grecaptcha-noscript\">\r\n\t\t<iframe loading=\"lazy\" src=\"https:\/\/www.google.com\/recaptcha\/api\/fallback?k=6LeG0NMUAAAAANlLPxQTznB7NG_kLJ_CQFAeTegb\" frameborder=\"0\" scrolling=\"no\" width=\"310\" height=\"430\">\r\n\t\t<\/iframe>\r\n\t\t<textarea name=\"g-recaptcha-response\" rows=\"3\" cols=\"40\" placeholder=\"reCaptcha Response Here\">\r\n\t\t<\/textarea>\r\n\t<\/div>\r\n<\/noscript>\r\n<\/span>\n<p><\/ br>\n<\/p>\n<p><input class=\"wpcf7-form-control wpcf7-submit has-spinner btn btn-large btn-secondary\" type=\"submit\" value=\"Envar\" \/>\n<\/p><p style=\"display: none !important;\" class=\"akismet-fields-container\" data-prefix=\"_wpcf7_ak_\"><label>&#916;<textarea name=\"_wpcf7_ak_hp_textarea\" cols=\"45\" rows=\"8\" maxlength=\"100\"><\/textarea><\/label><input type=\"hidden\" id=\"ak_js_1\" name=\"_wpcf7_ak_js\" value=\"126\"\/><script>document.getElementById( \"ak_js_1\" ).setAttribute( \"value\", ( new Date() ).getTime() );<\/script><\/p><div class=\"wpcf7-response-output\" aria-hidden=\"true\"><\/div>\n<\/form>\n<\/div>\n[\/vc_column][vc_column width=&#8221;1\/2&#8243;][vc_row_inner][vc_column_inner width=&#8221;1\/2&#8243; css=&#8221;.vc_custom_1423767656799{margin-top: 60px !important;margin-bottom: 40px !important;}&#8221;][vc_column_text]<\/p>\n<h4>DIRECCI\u00d3N<\/h4>\n<p>Carrer del Raval, 38<br \/>\n17527 Ll\u00edvia<br \/>\nGirona[\/vc_column_text][\/vc_column_inner][vc_column_inner width=&#8221;1\/2&#8243; css=&#8221;.vc_custom_1423767662799{margin-top: 60px !important;margin-bottom: 40px !important;}&#8221;][vc_column_text]<\/p>\n<h4>CONTACTO<\/h4>\n<p><strong>Ll\u00edvia:\u00a0<\/strong><\/p>\n<p>+34\u00a0<span class=\"topbar-highlight primary-color\">972 89 63 24<\/span><br \/>\n<a href=\"#\">info@pastisseriesgil.com<\/a>[\/vc_column_text][\/vc_column_inner][\/vc_row_inner][vc_column_text]<iframe loading=\"lazy\" style=\"border: 0;\" src=\"https:\/\/www.google.com\/maps\/embed?pb=!1m18!1m12!1m3!1d2943.3389608858047!2d1.9821086154595717!3d42.463079079180126!2m3!1f0!2f0!3f0!3m2!1i1024!2i768!4f13.1!3m3!1m2!1s0x12a57cadc9914585%3A0xdb0a15a3ff304413!2sPastisseria+Gil+Ll%C3%ADvia!5e0!3m2!1ses!2ses!4v1486388343392\" width=\"100%\" height=\"415\" frameborder=\"0\" allowfullscreen=\"allowfullscreen\"><\/iframe>[\/vc_column_text][\/vc_column][\/vc_row]<\/p>\n<\/div>","protected":false},"excerpt":{"rendered":"<p>[vc_row row_type=&#8221;row_full_center_content&#8221; padding_top=&#8221;10&#8243;][vc_column width=&#8221;1\/2&#8243;][vc_column_text]Si vol sol\u00b7licitar una comanda per enc\u00e0rrec, pot contactar amb nosaltres mitjan\u00e7ant el seg\u00fcent formulari o mitjan\u00e7ant el &#8230;<\/p>\n","protected":false},"author":1,"featured_media":0,"parent":0,"menu_order":0,"comment_status":"closed","ping_status":"closed","template":"","meta":{"footnotes":""},"class_list":["post-1175","page","type-page","status-publish","hentry"],"yoast_head":"<!-- This site is optimized with the Yoast SEO plugin v27.4 - https:\/\/yoast.com\/product\/yoast-seo-wordpress\/ -->\n<title>Pastisseria Llivia - Pastisseries Gil<\/title>\n<meta name=\"robots\" content=\"index, follow, max-snippet:-1, max-image-preview:large, max-video-preview:-1\" \/>\n<link rel=\"canonical\" href=\"https:\/\/www.pastisseriesgil.com\/ca\/pastisseria-llivia\/\" \/>\n<meta property=\"og:locale\" content=\"ca_ES\" \/>\n<meta property=\"og:type\" content=\"article\" \/>\n<meta property=\"og:title\" content=\"Pastisseria Llivia - Pastisseries Gil\" \/>\n<meta property=\"og:description\" content=\"[vc_row row_type=&#8221;row_full_center_content&#8221; padding_top=&#8221;10&#8243;][vc_column width=&#8221;1\/2&#8243;][vc_column_text]Si vol sol\u00b7licitar una comanda per enc\u00e0rrec, pot contactar amb nosaltres mitjan\u00e7ant el seg\u00fcent formulari o mitjan\u00e7ant el ...\" \/>\n<meta property=\"og:url\" content=\"https:\/\/www.pastisseriesgil.com\/ca\/pastisseria-llivia\/\" \/>\n<meta property=\"og:site_name\" content=\"Pastisseries Gil\" \/>\n<meta property=\"article:modified_time\" content=\"2017-02-09T09:54:18+00:00\" \/>\n<meta name=\"twitter:card\" content=\"summary_large_image\" \/>\n<meta name=\"twitter:label1\" content=\"Est. reading time\" \/>\n\t<meta name=\"twitter:data1\" content=\"1 minute\" \/>\n<script type=\"application\/ld+json\" class=\"yoast-schema-graph\">{\"@context\":\"https:\\\/\\\/schema.org\",\"@graph\":[{\"@type\":\"WebPage\",\"@id\":\"https:\\\/\\\/www.pastisseriesgil.com\\\/ca\\\/pastisseria-llivia\\\/\",\"url\":\"https:\\\/\\\/www.pastisseriesgil.com\\\/ca\\\/pastisseria-llivia\\\/\",\"name\":\"Pastisseria Llivia - Pastisseries Gil\",\"isPartOf\":{\"@id\":\"https:\\\/\\\/www.pastisseriesgil.com\\\/#website\"},\"datePublished\":\"2015-02-05T10:22:10+00:00\",\"dateModified\":\"2017-02-09T09:54:18+00:00\",\"breadcrumb\":{\"@id\":\"https:\\\/\\\/www.pastisseriesgil.com\\\/ca\\\/pastisseria-llivia\\\/#breadcrumb\"},\"inLanguage\":\"ca-ES\",\"potentialAction\":[{\"@type\":\"ReadAction\",\"target\":[\"https:\\\/\\\/www.pastisseriesgil.com\\\/ca\\\/pastisseria-llivia\\\/\"]}]},{\"@type\":\"BreadcrumbList\",\"@id\":\"https:\\\/\\\/www.pastisseriesgil.com\\\/ca\\\/pastisseria-llivia\\\/#breadcrumb\",\"itemListElement\":[{\"@type\":\"ListItem\",\"position\":1,\"name\":\"Portada\",\"item\":\"https:\\\/\\\/www.pastisseriesgil.com\\\/ca\\\/\"},{\"@type\":\"ListItem\",\"position\":2,\"name\":\"Pastisseria Llivia\"}]},{\"@type\":\"WebSite\",\"@id\":\"https:\\\/\\\/www.pastisseriesgil.com\\\/#website\",\"url\":\"https:\\\/\\\/www.pastisseriesgil.com\\\/\",\"name\":\"Pastisseries Gil\",\"description\":\"Llivia - Alp - Puigcerda - Pasteleria Cerdanya\",\"potentialAction\":[{\"@type\":\"SearchAction\",\"target\":{\"@type\":\"EntryPoint\",\"urlTemplate\":\"https:\\\/\\\/www.pastisseriesgil.com\\\/?s={search_term_string}\"},\"query-input\":{\"@type\":\"PropertyValueSpecification\",\"valueRequired\":true,\"valueName\":\"search_term_string\"}}],\"inLanguage\":\"ca-ES\"}]}<\/script>\n<!-- \/ Yoast SEO plugin. -->","yoast_head_json":{"title":"Pastisseria Llivia - Pastisseries Gil","robots":{"index":"index","follow":"follow","max-snippet":"max-snippet:-1","max-image-preview":"max-image-preview:large","max-video-preview":"max-video-preview:-1"},"canonical":"https:\/\/www.pastisseriesgil.com\/ca\/pastisseria-llivia\/","og_locale":"ca_ES","og_type":"article","og_title":"Pastisseria Llivia - Pastisseries Gil","og_description":"[vc_row row_type=&#8221;row_full_center_content&#8221; padding_top=&#8221;10&#8243;][vc_column width=&#8221;1\/2&#8243;][vc_column_text]Si vol sol\u00b7licitar una comanda per enc\u00e0rrec, pot contactar amb nosaltres mitjan\u00e7ant el seg\u00fcent formulari o mitjan\u00e7ant el ...","og_url":"https:\/\/www.pastisseriesgil.com\/ca\/pastisseria-llivia\/","og_site_name":"Pastisseries Gil","article_modified_time":"2017-02-09T09:54:18+00:00","twitter_card":"summary_large_image","twitter_misc":{"Est. reading time":"1 minute"},"schema":{"@context":"https:\/\/schema.org","@graph":[{"@type":"WebPage","@id":"https:\/\/www.pastisseriesgil.com\/ca\/pastisseria-llivia\/","url":"https:\/\/www.pastisseriesgil.com\/ca\/pastisseria-llivia\/","name":"Pastisseria Llivia - Pastisseries Gil","isPartOf":{"@id":"https:\/\/www.pastisseriesgil.com\/#website"},"datePublished":"2015-02-05T10:22:10+00:00","dateModified":"2017-02-09T09:54:18+00:00","breadcrumb":{"@id":"https:\/\/www.pastisseriesgil.com\/ca\/pastisseria-llivia\/#breadcrumb"},"inLanguage":"ca-ES","potentialAction":[{"@type":"ReadAction","target":["https:\/\/www.pastisseriesgil.com\/ca\/pastisseria-llivia\/"]}]},{"@type":"BreadcrumbList","@id":"https:\/\/www.pastisseriesgil.com\/ca\/pastisseria-llivia\/#breadcrumb","itemListElement":[{"@type":"ListItem","position":1,"name":"Portada","item":"https:\/\/www.pastisseriesgil.com\/ca\/"},{"@type":"ListItem","position":2,"name":"Pastisseria Llivia"}]},{"@type":"WebSite","@id":"https:\/\/www.pastisseriesgil.com\/#website","url":"https:\/\/www.pastisseriesgil.com\/","name":"Pastisseries Gil","description":"Llivia - Alp - Puigcerda - Pasteleria Cerdanya","potentialAction":[{"@type":"SearchAction","target":{"@type":"EntryPoint","urlTemplate":"https:\/\/www.pastisseriesgil.com\/?s={search_term_string}"},"query-input":{"@type":"PropertyValueSpecification","valueRequired":true,"valueName":"search_term_string"}}],"inLanguage":"ca-ES"}]}},"_links":{"self":[{"href":"https:\/\/www.pastisseriesgil.com\/ca\/wp-json\/wp\/v2\/pages\/1175","targetHints":{"allow":["GET"]}}],"collection":[{"href":"https:\/\/www.pastisseriesgil.com\/ca\/wp-json\/wp\/v2\/pages"}],"about":[{"href":"https:\/\/www.pastisseriesgil.com\/ca\/wp-json\/wp\/v2\/types\/page"}],"author":[{"embeddable":true,"href":"https:\/\/www.pastisseriesgil.com\/ca\/wp-json\/wp\/v2\/users\/1"}],"replies":[{"embeddable":true,"href":"https:\/\/www.pastisseriesgil.com\/ca\/wp-json\/wp\/v2\/comments?post=1175"}],"version-history":[{"count":0,"href":"https:\/\/www.pastisseriesgil.com\/ca\/wp-json\/wp\/v2\/pages\/1175\/revisions"}],"wp:attachment":[{"href":"https:\/\/www.pastisseriesgil.com\/ca\/wp-json\/wp\/v2\/media?parent=1175"}],"curies":[{"name":"wp","href":"https:\/\/api.w.org\/{rel}","templated":true}]}}