{"id":1177,"date":"2015-03-17T05:32:59","date_gmt":"2015-03-17T05:32:59","guid":{"rendered":"https:\/\/www.pastisseriesgil.com\/home-fullscreen\/"},"modified":"2018-02-13T08:55:58","modified_gmt":"2018-02-13T08:55:58","slug":"inici","status":"publish","type":"page","link":"https:\/\/www.pastisseriesgil.com\/ca\/","title":{"rendered":"Inici"},"content":{"rendered":"<div class=\"wpb-content-wrapper\"><p>[vc_row row_type=&#8221;row_fullwidth_content&#8221; bg_color=&#8221;#333333&#8243; row_text_color=&#8221;row_text_light&#8221; margin_top=&#8221;-40&#8243; padding_top=&#8221;0&#8243; padding_bottom=&#8221;0&#8243; class=&#8221;fit-screen&#8221;][vc_column][rev_slider_vc alias=&#8221;homefullscreen&#8221;][\/vc_column][\/vc_row][vc_row row_type=&#8221;row_full_center_content&#8221; bg_color=&#8221;#9e9383&#8243; padding_top=&#8221;20&#8243; padding_bottom=&#8221;20&#8243;][vc_column el_class=&#8221;mobile-center&#8221;][vc_column_text]<\/p>\n<h3 style=\"text-align: center;\"><span style=\"color: #ffffff; display: block; margin-top: 2px;\">A Pastisseria gil podr\u00e0n degustar una serie de productes elaborats pel mestre pastisser <\/span><\/h3>\n<p>[\/vc_column_text][\/vc_column][\/vc_row][vc_row row_type=&#8221;row_full_center_content&#8221; padding_top=&#8221;70&#8243; padding_bottom=&#8221;50&#8243; class=&#8221;mobile-no-margin-top inverted-row&#8221;][vc_column width=&#8221;1\/3&#8243;]\n\t<div class=\"wpb_content_element featured-box \" >\n\t\t\t<div class=\"featured-box-thumb\"><a title=\"\" target=\"\" href=\"#\"><img decoding=\"async\" src=\"https:\/\/www.pastisseriesgil.com\/wp-content\/uploads\/2015\/03\/cafeteria-puigcerda.jpg\"><\/a>\n\t\t\t<\/div>\n\t\t\t<div class=\"featured-box-content\"><h4>CAFETERIES<\/h4>\n\t\t\t\t\t<div class=\"featured-box-desc\"><p>A la zona de cafeteria podr\u00e0 esmorzar, berenar o simplement prendre un caf\u00e8 tranquil\u00b7lament. No dubteu en probar la nostra xocolata o su\u00eds fet amb nata fresca de les vaques de Cerdanya.<\/p>\n\t\t\t\t\t<\/div>\n\t\t\t<\/div>\n\t<\/div>[\/vc_column][vc_column width=&#8221;1\/3&#8243;]\n\t<div class=\"wpb_content_element featured-box \" >\n\t\t\t<div class=\"featured-box-thumb\"><a title=\"\" target=\"\" href=\"#\"><img decoding=\"async\" src=\"https:\/\/www.pastisseriesgil.com\/wp-content\/uploads\/2015\/03\/pastisseries-gil.jpg\"><\/a>\n\t\t\t<\/div>\n\t\t\t<div class=\"featured-box-content\"><h4>PASTISSERIES GIL<\/h4>\n\t\t\t\t\t<div class=\"featured-box-desc\"><p>Aquest 2017, Pastisseria Gil, posa la pen\u00faltima pota en el projecte empresarial obrint una botiga en ple centre de Puigcerd\u00e0.<\/p>\n\t\t\t\t\t<\/div>\n\t\t\t<\/div>\n\t<\/div>[\/vc_column][vc_column width=&#8221;1\/3&#8243;]\n\t<div class=\"wpb_content_element featured-box \" >\n\t\t\t<div class=\"featured-box-thumb\"><a title=\"\" target=\"\" href=\"#\"><img decoding=\"async\" src=\"https:\/\/www.pastisseriesgil.com\/wp-content\/uploads\/2015\/03\/servicios-pasteleria.jpg\"><\/a>\n\t\t\t<\/div>\n\t\t\t<div class=\"featured-box-content\"><h4>ELS NOSTRES SERVEIS<\/h4>\n\t\t\t\t\t<div class=\"featured-box-desc\"><p>A Pastisseria Gil en preocupem pel postra de les grans celebracions. Casaments, batejos, comunions, aniversaris o grans esdeveniments. En formats de pastissos sencers o ja preparats en porcions individuals, intentem adaptar-nos al m\u00e0xim a les seves necessitats. <\/p>\n\t\t\t\t\t<\/div>\n\t\t\t<\/div>\n\t<\/div>[\/vc_column][\/vc_row][vc_row row_type=&#8221;row_full_center_content&#8221; bg_image=&#8221;1076&#8243; row_parallax=&#8221;false&#8221; row_color_overlay=&#8221;#998243&#8243; row_text_color=&#8221;row_text_light&#8221; padding_top=&#8221;150&#8243; padding_bottom=&#8221;150&#8243;][vc_column width=&#8221;2\/3&#8243;][vc_column_text]<\/p>\n<h5 class=\"medium-heading-inverted\"><em>\u00a0<\/em><\/h5>\n<h1 class=\"large-heading-inverted\"><strong>Pastissers artesans des de 1980.<\/strong><\/h1>\n<p>[\/vc_column_text][\/vc_column][vc_column width=&#8221;1\/3&#8243;][\/vc_column][\/vc_row][vc_row row_type=&#8221;row_full_center_content&#8221; row_meta_color=&#8221;false&#8221; padding_top=&#8221;50&#8243; padding_bottom=&#8221;30&#8243;][vc_column]\n\t<div class=\"custom-heading wpb_content_element \">\n\t\t<h2 class=\"heading-title\" >NOT\u00cdCIES RECENTS<\/h2>\n\t\t<span class=\"heading-line primary\"><\/span>\n\t<\/div>\n\t<div class=\"child-page-wrapper recent-news-wrapper \">\n\t\t\t\t\t<script type=\"text\/javascript\">\n\t\t\t\t\t\tjQuery(document).ready(function(){\n\t\t\t\t\t\t\t\"use strict\";\n\t\t\t\t\t\t\tjQuery(\".recent-news-carousel-69e353bad7e51\").slick({\n\t\t\t\t\t\t\t\trtl: false,\n\t\t\t\t\t\t\t\tslidesToShow: 3,\n\t\t\t\t\t\t\t\tautoplay: false ,\n\t\t                        autoplaySpeed: 3000 ,\n\t\t                        speed: 300 ,\n\t\t\t\t\t\t\t\tslidesToScroll: 1,\n\t\t\t\t\t\t\t\tdraggable: false,\n\t\t\t\t\t\t\t\tprevArrow: \"<span class='carousel-prev'><i class='fa fa-angle-left'><\/i><\/span>\",\n\t\t        \t\t\t\tnextArrow: \"<span class='carousel-next'><i class='fa fa-angle-right'><\/i><\/span>\",\n\t\t        \t\t\t\tresponsive: [{\n\t\t\t\t\t\t\t\t    breakpoint: 1024,\n\t\t\t\t\t\t\t\t    settings: {\n\t\t\t\t\t\t\t\t    slidesToShow: 3\n\t\t\t\t\t\t\t\t    }\n\t\t\t\t\t\t\t\t},\n\t\t\t\t\t\t\t\t{\n\t\t\t\t\t\t\t\t    breakpoint: 600,\n\t\t\t\t\t\t\t\t    settings: {\n\t\t\t\t\t\t\t\t    slidesToShow: 2\n\t\t\t\t\t\t\t\t    }\n\t\t\t\t\t\t\t\t},\n\t\t\t\t\t\t\t\t{\n\t\t\t\t\t\t\t\t    breakpoint: 480,\n\t\t\t\t\t\t\t\t    settings: {\n\t\t\t\t\t\t\t\t    slidesToShow: 1\n\t\t\t\t\t\t\t\t    }\n\t\t\t\t\t\t\t\t}]\n\t\t\t\t\t\t\t});\n\t\t\t\t\t\t});\n\t\t\t\t\t<\/script>\n\t\t\t\t<div class=\"grid-wrapper grid-3-columns grid-row recent-news-carousel-69e353bad7e51\">\n\t\t\t\t\t<div class=\"grid-item grid-sm-6 grid-md-4\">\n\t\t\t\t\t\t<div class=\"grid-thumbnail\">\n\t\t\t\t\t\t\t<a href=\"https:\/\/www.pastisseriesgil.com\/ca\/una-pasqua-ben-diferent\/\" title=\"UNA PASQUA BEN DIFERENT.\"><img loading=\"lazy\" decoding=\"async\" width=\"600\" height=\"300\" src=\"https:\/\/www.pastisseriesgil.com\/wp-content\/uploads\/2020\/04\/monas_de_pascua-600x300.jpg\" class=\"attachment-medium-thumb size-medium-thumb wp-post-image\" alt=\"\" srcset=\"https:\/\/www.pastisseriesgil.com\/wp-content\/uploads\/2020\/04\/monas_de_pascua-600x300.jpg 600w, https:\/\/www.pastisseriesgil.com\/wp-content\/uploads\/2020\/04\/monas_de_pascua-300x150.jpg 300w, https:\/\/www.pastisseriesgil.com\/wp-content\/uploads\/2020\/04\/monas_de_pascua-768x384.jpg 768w, https:\/\/www.pastisseriesgil.com\/wp-content\/uploads\/2020\/04\/monas_de_pascua-400x200.jpg 400w, https:\/\/www.pastisseriesgil.com\/wp-content\/uploads\/2020\/04\/monas_de_pascua.jpg 800w\" sizes=\"auto, (max-width: 600px) 100vw, 600px\" \/><\/a>\n\t\t\t\t\t\t<\/div>\n\t\t\t\t\t\t<h4 class=\"grid-title\"><a href=\"https:\/\/www.pastisseriesgil.com\/ca\/una-pasqua-ben-diferent\/\" rel=\"bookmark\">UNA PASQUA BEN DIFERENT.<\/a><\/h4>\n\n\t\t\t\t\t\t<div class=\"recent-news-meta\">\n\t\t\t\t\t\t\t<span class=\"post-date\"><i class=\"fa fa-file-text-o\"><\/i> <time class=\"entry-date published updated\" datetime=\"2020-04-07T08:01:11+00:00\">7 April, 2020<\/time><\/span>\n\t\t\t\t\t\t\t<span class=\"comments-link\"><i class=\"fa fa-comments-o\"><\/i> Comments off.<\/span>\n\t\t\t\t\t\t<\/div>\n\n\t\t\t\t\t\t<p>Aquest any ens tocar\u00e0 passar una pasqua d\u2019all\u00f2 ben diferent, ser\u00e0 un any on ens haurem de quedar a casa, tancats, ...<\/p>\n\n\t\t\t\t\t\t<a class=\"btn btn-light btn-small\" href=\"https:\/\/www.pastisseriesgil.com\/ca\/una-pasqua-ben-diferent\/\" title=\"UNA PASQUA BEN DIFERENT.\">VEURE M\u00c9S<\/a>\n\n\t\t\t\t\t<\/div>\n\t\t\t\t\t\n\t\t\t\t\t<div class=\"grid-item grid-sm-6 grid-md-4\">\n\t\t\t\t\t\t<div class=\"grid-thumbnail\">\n\t\t\t\t\t\t\t<a href=\"https:\/\/www.pastisseriesgil.com\/ca\/formacio-constant-per-no-quedar-nos-entere\/\" title=\"Formaci\u00f3 constant per no quedar-nos entere!\"><img loading=\"lazy\" decoding=\"async\" width=\"600\" height=\"300\" src=\"https:\/\/www.pastisseriesgil.com\/wp-content\/uploads\/2017\/12\/formacio-pasteleria-gil-cerdanya-600x300.jpg\" class=\"attachment-medium-thumb size-medium-thumb wp-post-image\" alt=\"\" srcset=\"https:\/\/www.pastisseriesgil.com\/wp-content\/uploads\/2017\/12\/formacio-pasteleria-gil-cerdanya-600x300.jpg 600w, https:\/\/www.pastisseriesgil.com\/wp-content\/uploads\/2017\/12\/formacio-pasteleria-gil-cerdanya-300x150.jpg 300w, https:\/\/www.pastisseriesgil.com\/wp-content\/uploads\/2017\/12\/formacio-pasteleria-gil-cerdanya-768x384.jpg 768w, https:\/\/www.pastisseriesgil.com\/wp-content\/uploads\/2017\/12\/formacio-pasteleria-gil-cerdanya-400x200.jpg 400w, https:\/\/www.pastisseriesgil.com\/wp-content\/uploads\/2017\/12\/formacio-pasteleria-gil-cerdanya.jpg 800w\" sizes=\"auto, (max-width: 600px) 100vw, 600px\" \/><\/a>\n\t\t\t\t\t\t<\/div>\n\t\t\t\t\t\t<h4 class=\"grid-title\"><a href=\"https:\/\/www.pastisseriesgil.com\/ca\/formacio-constant-per-no-quedar-nos-entere\/\" rel=\"bookmark\">Formaci\u00f3 constant per no quedar-nos entere!<\/a><\/h4>\n\n\t\t\t\t\t\t<div class=\"recent-news-meta\">\n\t\t\t\t\t\t\t<span class=\"post-date\"><i class=\"fa fa-file-text-o\"><\/i> <time class=\"entry-date published updated\" datetime=\"2017-12-13T16:05:22+00:00\">13 December, 2017<\/time><\/span>\n\t\t\t\t\t\t\t<span class=\"comments-link\"><i class=\"fa fa-comments-o\"><\/i> Comments off.<\/span>\n\t\t\t\t\t\t<\/div>\n\n\t\t\t\t\t\t<p>Dintre de l\u2019equip de la Pastisseria Gil no sabem estar-nos quiets! Evolucionar o morir. \u00c9s per aix\u00f2 que estem en constant ...<\/p>\n\n\t\t\t\t\t\t<a class=\"btn btn-light btn-small\" href=\"https:\/\/www.pastisseriesgil.com\/ca\/formacio-constant-per-no-quedar-nos-entere\/\" title=\"Formaci\u00f3 constant per no quedar-nos entere!\">VEURE M\u00c9S<\/a>\n\n\t\t\t\t\t<\/div>\n\t\t\t\t\t\n\t\t\t\t\t<div class=\"grid-item grid-sm-6 grid-md-4\">\n\t\t\t\t\t\t<div class=\"grid-thumbnail\">\n\t\t\t\t\t\t\t<a href=\"https:\/\/www.pastisseriesgil.com\/ca\/31-anys-sent-la-pastisseria-referent-la-cerdanya\/\" title=\"31 anys sent la pastisseria referent a la Cerdanya.\"><img loading=\"lazy\" decoding=\"async\" width=\"600\" height=\"300\" src=\"https:\/\/www.pastisseriesgil.com\/wp-content\/uploads\/2017\/05\/pastisseria-referent-cerdanya-01-600x300.jpg\" class=\"attachment-medium-thumb size-medium-thumb wp-post-image\" alt=\"pastisseria referent a la cerdanya\" srcset=\"https:\/\/www.pastisseriesgil.com\/wp-content\/uploads\/2017\/05\/pastisseria-referent-cerdanya-01-600x300.jpg 600w, https:\/\/www.pastisseriesgil.com\/wp-content\/uploads\/2017\/05\/pastisseria-referent-cerdanya-01-300x150.jpg 300w, https:\/\/www.pastisseriesgil.com\/wp-content\/uploads\/2017\/05\/pastisseria-referent-cerdanya-01-768x384.jpg 768w, https:\/\/www.pastisseriesgil.com\/wp-content\/uploads\/2017\/05\/pastisseria-referent-cerdanya-01-400x200.jpg 400w, https:\/\/www.pastisseriesgil.com\/wp-content\/uploads\/2017\/05\/pastisseria-referent-cerdanya-01.jpg 800w\" sizes=\"auto, (max-width: 600px) 100vw, 600px\" \/><\/a>\n\t\t\t\t\t\t<\/div>\n\t\t\t\t\t\t<h4 class=\"grid-title\"><a href=\"https:\/\/www.pastisseriesgil.com\/ca\/31-anys-sent-la-pastisseria-referent-la-cerdanya\/\" rel=\"bookmark\">31 anys sent la pastisseria referent a la Cerdanya.<\/a><\/h4>\n\n\t\t\t\t\t\t<div class=\"recent-news-meta\">\n\t\t\t\t\t\t\t<span class=\"post-date\"><i class=\"fa fa-file-text-o\"><\/i> <time class=\"entry-date published updated\" datetime=\"2017-05-22T20:19:17+00:00\">22 May, 2017<\/time><\/span>\n\t\t\t\t\t\t\t<span class=\"comments-link\"><i class=\"fa fa-comments-o\"><\/i> Comments off.<\/span>\n\t\t\t\t\t\t<\/div>\n\n\t\t\t\t\t\t<p>Tal dia com el 1 de maig de 1986, ara fa ja 31 anys, comen\u00e7ava l\u2019aventura m\u00e9s dol\u00e7a de la fam\u00edlia ...<\/p>\n\n\t\t\t\t\t\t<a class=\"btn btn-light btn-small\" href=\"https:\/\/www.pastisseriesgil.com\/ca\/31-anys-sent-la-pastisseria-referent-la-cerdanya\/\" title=\"31 anys sent la pastisseria referent a la Cerdanya.\">VEURE M\u00c9S<\/a>\n\n\t\t\t\t\t<\/div>\n\t\t\t\t\t\n\t\t\t\t\t<div class=\"grid-item grid-sm-6 grid-md-4\">\n\t\t\t\t\t\t<div class=\"grid-thumbnail\">\n\t\t\t\t\t\t\t<a href=\"https:\/\/www.pastisseriesgil.com\/ca\/els-30-anys-de-temps-de-neu-a-masella-endolcits-amb-pastisseria-gil\/\" title=\"Els 30 anys de Temps de Neu a Masella endolcits amb Pastisseria Gil.\"><img loading=\"lazy\" decoding=\"async\" width=\"600\" height=\"300\" src=\"https:\/\/www.pastisseriesgil.com\/wp-content\/uploads\/2017\/02\/els-30-anys-del-temps-de-neu-masella-600x300.jpg\" class=\"attachment-medium-thumb size-medium-thumb wp-post-image\" alt=\"\" srcset=\"https:\/\/www.pastisseriesgil.com\/wp-content\/uploads\/2017\/02\/els-30-anys-del-temps-de-neu-masella-600x300.jpg 600w, https:\/\/www.pastisseriesgil.com\/wp-content\/uploads\/2017\/02\/els-30-anys-del-temps-de-neu-masella-300x150.jpg 300w, https:\/\/www.pastisseriesgil.com\/wp-content\/uploads\/2017\/02\/els-30-anys-del-temps-de-neu-masella-768x384.jpg 768w, https:\/\/www.pastisseriesgil.com\/wp-content\/uploads\/2017\/02\/els-30-anys-del-temps-de-neu-masella-400x200.jpg 400w, https:\/\/www.pastisseriesgil.com\/wp-content\/uploads\/2017\/02\/els-30-anys-del-temps-de-neu-masella.jpg 800w\" sizes=\"auto, (max-width: 600px) 100vw, 600px\" \/><\/a>\n\t\t\t\t\t\t<\/div>\n\t\t\t\t\t\t<h4 class=\"grid-title\"><a href=\"https:\/\/www.pastisseriesgil.com\/ca\/els-30-anys-de-temps-de-neu-a-masella-endolcits-amb-pastisseria-gil\/\" rel=\"bookmark\">Els 30 anys de Temps de Neu a Masella endolcits amb Pastisseria Gil.<\/a><\/h4>\n\n\t\t\t\t\t\t<div class=\"recent-news-meta\">\n\t\t\t\t\t\t\t<span class=\"post-date\"><i class=\"fa fa-file-text-o\"><\/i> <time class=\"entry-date published updated\" datetime=\"2017-02-08T12:45:51+00:00\">8 February, 2017<\/time><\/span>\n\t\t\t\t\t\t\t<span class=\"comments-link\"><i class=\"fa fa-comments-o\"><\/i> Comments off.<\/span>\n\t\t\t\t\t\t<\/div>\n\n\t\t\t\t\t\t<p>El 9 de gener de de 2016 el programa TEMPS DE NEU va celebrar el 30\u00e8 aniversari i ens va fer ...<\/p>\n\n\t\t\t\t\t\t<a class=\"btn btn-light btn-small\" href=\"https:\/\/www.pastisseriesgil.com\/ca\/els-30-anys-de-temps-de-neu-a-masella-endolcits-amb-pastisseria-gil\/\" title=\"Els 30 anys de Temps de Neu a Masella endolcits amb Pastisseria Gil.\">VEURE M\u00c9S<\/a>\n\n\t\t\t\t\t<\/div>\n\t\t\t\t\t\n\t\t\t\t\t<div class=\"grid-item grid-sm-6 grid-md-4\">\n\t\t\t\t\t\t<div class=\"grid-thumbnail\">\n\t\t\t\t\t\t\t<a href=\"https:\/\/www.pastisseriesgil.com\/ca\/lestiu-la-millor-orxata-la-cerdanya-esta-la-pastisseria-gil\/\" title=\"A l\u2019estiu, la millor orxata de la Cerdanya, est\u00e0 a la Pastisseria Gil.\"><img loading=\"lazy\" decoding=\"async\" width=\"600\" height=\"300\" src=\"https:\/\/www.pastisseriesgil.com\/wp-content\/uploads\/2017\/02\/horchata-600x300.jpg\" class=\"attachment-medium-thumb size-medium-thumb wp-post-image\" alt=\"\" srcset=\"https:\/\/www.pastisseriesgil.com\/wp-content\/uploads\/2017\/02\/horchata-600x300.jpg 600w, https:\/\/www.pastisseriesgil.com\/wp-content\/uploads\/2017\/02\/horchata-300x150.jpg 300w, https:\/\/www.pastisseriesgil.com\/wp-content\/uploads\/2017\/02\/horchata-768x384.jpg 768w, https:\/\/www.pastisseriesgil.com\/wp-content\/uploads\/2017\/02\/horchata-400x200.jpg 400w, https:\/\/www.pastisseriesgil.com\/wp-content\/uploads\/2017\/02\/horchata.jpg 800w\" sizes=\"auto, (max-width: 600px) 100vw, 600px\" \/><\/a>\n\t\t\t\t\t\t<\/div>\n\t\t\t\t\t\t<h4 class=\"grid-title\"><a href=\"https:\/\/www.pastisseriesgil.com\/ca\/lestiu-la-millor-orxata-la-cerdanya-esta-la-pastisseria-gil\/\" rel=\"bookmark\">A l\u2019estiu, la millor orxata de la Cerdanya, est\u00e0 a la Pastisseria Gil.<\/a><\/h4>\n\n\t\t\t\t\t\t<div class=\"recent-news-meta\">\n\t\t\t\t\t\t\t<span class=\"post-date\"><i class=\"fa fa-file-text-o\"><\/i> <time class=\"entry-date published updated\" datetime=\"2017-02-07T13:20:06+00:00\">7 February, 2017<\/time><\/span>\n\t\t\t\t\t\t\t<span class=\"comments-link\"><i class=\"fa fa-comments-o\"><\/i> Comments off.<\/span>\n\t\t\t\t\t\t<\/div>\n\n\t\t\t\t\t\t<p>A l\u2019estiu, la millor orxata de la Cerdanya, est\u00e0 a la Pastisseria Gil. Si busqueu una orxata de qualitat y 100% ...<\/p>\n\n\t\t\t\t\t\t<a class=\"btn btn-light btn-small\" href=\"https:\/\/www.pastisseriesgil.com\/ca\/lestiu-la-millor-orxata-la-cerdanya-esta-la-pastisseria-gil\/\" title=\"A l\u2019estiu, la millor orxata de la Cerdanya, est\u00e0 a la Pastisseria Gil.\">VEURE M\u00c9S<\/a>\n\n\t\t\t\t\t<\/div>\n\t\t\t\t\t\n\t\t\t\t<\/div>\n\t<\/div>[\/vc_column][\/vc_row]<\/p>\n<\/div>","protected":false},"excerpt":{"rendered":"<p>[vc_row row_type=&#8221;row_fullwidth_content&#8221; bg_color=&#8221;#333333&#8243; row_text_color=&#8221;row_text_light&#8221; margin_top=&#8221;-40&#8243; padding_top=&#8221;0&#8243; padding_bottom=&#8221;0&#8243; class=&#8221;fit-screen&#8221;][vc_column][rev_slider_vc alias=&#8221;homefullscreen&#8221;][\/vc_column][\/vc_row][vc_row row_type=&#8221;row_full_center_content&#8221; bg_color=&#8221;#9e9383&#8243; padding_top=&#8221;20&#8243; padding_bottom=&#8221;20&#8243;][vc_column el_class=&#8221;mobile-center&#8221;][vc_column_text] A Pastisseria gil podr\u00e0n degustar una serie &#8230;<\/p>\n","protected":false},"author":1,"featured_media":0,"parent":0,"menu_order":0,"comment_status":"closed","ping_status":"closed","template":"","meta":{"footnotes":""},"class_list":["post-1177","page","type-page","status-publish","hentry"],"yoast_head":"<!-- This site is optimized with the Yoast SEO plugin v27.4 - https:\/\/yoast.com\/product\/yoast-seo-wordpress\/ -->\n<title>Pastisseries Gil - Pastisseria i rebosteria a Ll\u00edvia, Alp, Puigcerd\u00e0, Cerdanya<\/title>\n<meta name=\"robots\" content=\"index, follow, max-snippet:-1, max-image-preview:large, max-video-preview:-1\" \/>\n<link rel=\"canonical\" href=\"https:\/\/www.pastisseriesgil.com\/ca\/\" \/>\n<meta property=\"og:locale\" content=\"ca_ES\" \/>\n<meta property=\"og:type\" content=\"article\" \/>\n<meta property=\"og:title\" content=\"Pastisseries Gil - Pastisseria i rebosteria a Ll\u00edvia, Alp, Puigcerd\u00e0, Cerdanya\" \/>\n<meta property=\"og:description\" content=\"[vc_row row_type=&#8221;row_fullwidth_content&#8221; bg_color=&#8221;#333333&#8243; row_text_color=&#8221;row_text_light&#8221; margin_top=&#8221;-40&#8243; padding_top=&#8221;0&#8243; padding_bottom=&#8221;0&#8243; class=&#8221;fit-screen&#8221;][vc_column][rev_slider_vc alias=&#8221;homefullscreen&#8221;][\/vc_column][\/vc_row][vc_row row_type=&#8221;row_full_center_content&#8221; bg_color=&#8221;#9e9383&#8243; padding_top=&#8221;20&#8243; padding_bottom=&#8221;20&#8243;][vc_column el_class=&#8221;mobile-center&#8221;][vc_column_text] A Pastisseria gil podr\u00e0n degustar una serie ...\" \/>\n<meta property=\"og:url\" content=\"https:\/\/www.pastisseriesgil.com\/ca\/\" \/>\n<meta property=\"og:site_name\" content=\"Pastisseries Gil\" \/>\n<meta property=\"article:modified_time\" content=\"2018-02-13T08:55:58+00:00\" \/>\n<meta name=\"twitter:card\" content=\"summary_large_image\" \/>\n<meta name=\"twitter:label1\" content=\"Est. reading time\" \/>\n\t<meta name=\"twitter:data1\" content=\"2 minutes\" \/>\n<script type=\"application\/ld+json\" class=\"yoast-schema-graph\">{\"@context\":\"https:\\\/\\\/schema.org\",\"@graph\":[{\"@type\":\"WebPage\",\"@id\":\"https:\\\/\\\/www.pastisseriesgil.com\\\/ca\\\/\",\"url\":\"https:\\\/\\\/www.pastisseriesgil.com\\\/ca\\\/\",\"name\":\"Pastisseries Gil - Pastisseria i rebosteria a Ll\u00edvia, Alp, Puigcerd\u00e0, Cerdanya\",\"isPartOf\":{\"@id\":\"https:\\\/\\\/www.pastisseriesgil.com\\\/#website\"},\"datePublished\":\"2015-03-17T05:32:59+00:00\",\"dateModified\":\"2018-02-13T08:55:58+00:00\",\"breadcrumb\":{\"@id\":\"https:\\\/\\\/www.pastisseriesgil.com\\\/ca\\\/#breadcrumb\"},\"inLanguage\":\"ca-ES\",\"potentialAction\":[{\"@type\":\"ReadAction\",\"target\":[\"https:\\\/\\\/www.pastisseriesgil.com\\\/ca\\\/\"]}]},{\"@type\":\"BreadcrumbList\",\"@id\":\"https:\\\/\\\/www.pastisseriesgil.com\\\/ca\\\/#breadcrumb\",\"itemListElement\":[{\"@type\":\"ListItem\",\"position\":1,\"name\":\"Portada\",\"item\":\"https:\\\/\\\/www.pastisseriesgil.com\\\/ca\\\/\"},{\"@type\":\"ListItem\",\"position\":2,\"name\":\"Inici\"}]},{\"@type\":\"WebSite\",\"@id\":\"https:\\\/\\\/www.pastisseriesgil.com\\\/#website\",\"url\":\"https:\\\/\\\/www.pastisseriesgil.com\\\/\",\"name\":\"Pastisseries Gil\",\"description\":\"Llivia - Alp - Puigcerda - Pasteleria Cerdanya\",\"potentialAction\":[{\"@type\":\"SearchAction\",\"target\":{\"@type\":\"EntryPoint\",\"urlTemplate\":\"https:\\\/\\\/www.pastisseriesgil.com\\\/?s={search_term_string}\"},\"query-input\":{\"@type\":\"PropertyValueSpecification\",\"valueRequired\":true,\"valueName\":\"search_term_string\"}}],\"inLanguage\":\"ca-ES\"}]}<\/script>\n<!-- \/ Yoast SEO plugin. -->","yoast_head_json":{"title":"Pastisseries Gil - Pastisseria i rebosteria a Ll\u00edvia, Alp, Puigcerd\u00e0, Cerdanya","robots":{"index":"index","follow":"follow","max-snippet":"max-snippet:-1","max-image-preview":"max-image-preview:large","max-video-preview":"max-video-preview:-1"},"canonical":"https:\/\/www.pastisseriesgil.com\/ca\/","og_locale":"ca_ES","og_type":"article","og_title":"Pastisseries Gil - Pastisseria i rebosteria a Ll\u00edvia, Alp, Puigcerd\u00e0, Cerdanya","og_description":"[vc_row row_type=&#8221;row_fullwidth_content&#8221; bg_color=&#8221;#333333&#8243; row_text_color=&#8221;row_text_light&#8221; margin_top=&#8221;-40&#8243; padding_top=&#8221;0&#8243; padding_bottom=&#8221;0&#8243; class=&#8221;fit-screen&#8221;][vc_column][rev_slider_vc alias=&#8221;homefullscreen&#8221;][\/vc_column][\/vc_row][vc_row row_type=&#8221;row_full_center_content&#8221; bg_color=&#8221;#9e9383&#8243; padding_top=&#8221;20&#8243; padding_bottom=&#8221;20&#8243;][vc_column el_class=&#8221;mobile-center&#8221;][vc_column_text] A Pastisseria gil podr\u00e0n degustar una serie ...","og_url":"https:\/\/www.pastisseriesgil.com\/ca\/","og_site_name":"Pastisseries Gil","article_modified_time":"2018-02-13T08:55:58+00:00","twitter_card":"summary_large_image","twitter_misc":{"Est. reading time":"2 minutes"},"schema":{"@context":"https:\/\/schema.org","@graph":[{"@type":"WebPage","@id":"https:\/\/www.pastisseriesgil.com\/ca\/","url":"https:\/\/www.pastisseriesgil.com\/ca\/","name":"Pastisseries Gil - Pastisseria i rebosteria a Ll\u00edvia, Alp, Puigcerd\u00e0, Cerdanya","isPartOf":{"@id":"https:\/\/www.pastisseriesgil.com\/#website"},"datePublished":"2015-03-17T05:32:59+00:00","dateModified":"2018-02-13T08:55:58+00:00","breadcrumb":{"@id":"https:\/\/www.pastisseriesgil.com\/ca\/#breadcrumb"},"inLanguage":"ca-ES","potentialAction":[{"@type":"ReadAction","target":["https:\/\/www.pastisseriesgil.com\/ca\/"]}]},{"@type":"BreadcrumbList","@id":"https:\/\/www.pastisseriesgil.com\/ca\/#breadcrumb","itemListElement":[{"@type":"ListItem","position":1,"name":"Portada","item":"https:\/\/www.pastisseriesgil.com\/ca\/"},{"@type":"ListItem","position":2,"name":"Inici"}]},{"@type":"WebSite","@id":"https:\/\/www.pastisseriesgil.com\/#website","url":"https:\/\/www.pastisseriesgil.com\/","name":"Pastisseries Gil","description":"Llivia - Alp - Puigcerda - Pasteleria Cerdanya","potentialAction":[{"@type":"SearchAction","target":{"@type":"EntryPoint","urlTemplate":"https:\/\/www.pastisseriesgil.com\/?s={search_term_string}"},"query-input":{"@type":"PropertyValueSpecification","valueRequired":true,"valueName":"search_term_string"}}],"inLanguage":"ca-ES"}]}},"_links":{"self":[{"href":"https:\/\/www.pastisseriesgil.com\/ca\/wp-json\/wp\/v2\/pages\/1177","targetHints":{"allow":["GET"]}}],"collection":[{"href":"https:\/\/www.pastisseriesgil.com\/ca\/wp-json\/wp\/v2\/pages"}],"about":[{"href":"https:\/\/www.pastisseriesgil.com\/ca\/wp-json\/wp\/v2\/types\/page"}],"author":[{"embeddable":true,"href":"https:\/\/www.pastisseriesgil.com\/ca\/wp-json\/wp\/v2\/users\/1"}],"replies":[{"embeddable":true,"href":"https:\/\/www.pastisseriesgil.com\/ca\/wp-json\/wp\/v2\/comments?post=1177"}],"version-history":[{"count":0,"href":"https:\/\/www.pastisseriesgil.com\/ca\/wp-json\/wp\/v2\/pages\/1177\/revisions"}],"wp:attachment":[{"href":"https:\/\/www.pastisseriesgil.com\/ca\/wp-json\/wp\/v2\/media?parent=1177"}],"curies":[{"name":"wp","href":"https:\/\/api.w.org\/{rel}","templated":true}]}}