{"id":1178,"date":"2015-02-05T10:21:41","date_gmt":"2015-02-05T10:21:41","guid":{"rendered":"https:\/\/www.pastisseriesgil.com\/pastelerias-gil\/"},"modified":"2017-02-13T23:37:31","modified_gmt":"2017-02-13T23:37:31","slug":"pastelerias-gil","status":"publish","type":"page","link":"https:\/\/www.pastisseriesgil.com\/ca\/pastelerias-gil\/","title":{"rendered":"Pastelerias Gil"},"content":{"rendered":"<div class=\"wpb-content-wrapper\"><p>[vc_row padding_top=&#8221;10&#8243; padding_bottom=&#8221;10&#8243;][vc_column][vc_column_text]<\/p>\n<div data-canvas-width=\"221.8779903598548\">\n<p>La fam\u00edlia Gil us d\u00f3na la benvinguda a Pastisseria Gil, ens trobem en la petita Vila de Ll\u00edvia, a la Cerdanya. Som una petita empresa familiar amb 30 anys d\u2019experi\u00e8ncia. En aquests \u00faltims anys hem aconseguit cr\u00e9ixer gr\u00e0cies a la pastisseria de qualitat que oferim, juntament amb un tracte al client pr\u00f2xim i familiar. A la Pastisseria Gil podran degustar una pastisseria artesana treballada pel pastisser i fundador de l&#8217;empresa, en Josep M\u00aa Gil, ajudat sempre per la seva dona, Maria Mateu. En la zona de cafeteria podran degustar els nostres productes, especialment, la nostra xocolata desfeta o els nostres su\u00efssos. Esmorzars, berenars, entrepans, i la nostra pastisseria variada<\/p>\n<p>A principis dels anys 80 la inquietud\u00a0 ens portava a enfrontar-nos a un repte que ens canviaria la vida per sempre m\u00e9s, APRENDRE A SER BONS PASTISSERS. Despr\u00e9s d\u2019algun que altre entrebanc demanem a la pastissera del poble (llavors la N\u00faria Siguero) que ens introdu\u00eds a la feina. De bon grat comen\u00e7a a ensenyar-nos el que \u00e9s el m\u00f3n de la pastisseria. L\u2019experi\u00e8ncia ens va agradar i vam buscar\u00a0 un bon lloc per aprendre b\u00e9 i r\u00e0pid l\u2019ofici.<br \/>\nAl mar\u00e7 del 1985 en Josep Maria es va entrevistar amb el prestigi\u00f3s mestre pastisser, Sr Jaume S\u00e0bat, a Sant Cugat del Vall\u00e9s. El Sr. S\u00e0bat i tot l\u2019equip que llavors treballaven v\u00e0ren acceptar que comenc\u00e9s a treballar amb inter\u00e8s i de forma for\u00e7a col\u2022loquial. All\u00f2 va significar l\u2019inici de la pastisseria que m\u00e9s tard ens ha proporcionat el nom actual.<\/p>\n<p>Al maig del 1986 obr\u00edem la Pastisseria Gil al carrer Raval 38 de Ll\u00edvia. Els tres primers anys van ser durs i sacrificats, per\u00f2 aviat la creixent clientela ens va fer ampliar el local, al 1989 obr\u00edem la botiga que fins al 2008 ha ofert els productes de qualitat i varietat que ens ha portat al punt de ser reconeguts internacionalment. Ara, d\u2019acord amb els temps moderns l\u2019empresa continua endavant gr\u00e0cies al nou impuls de la nova generaci\u00f3 disposada a seguir amb el mateix esperit de sempre, il\u2022lusi\u00f3, creaci\u00f3, dedicaci\u00f3 i servei.<\/p>\n<p>Per tal de poder arribar a m\u00e9s racons de Cerdanya l\u2019any 2009 vam obrir la segona botiga. Aquesta a Alp,\u00a0 en aquests 8 anys ja podem dir que ens em ben consolidat a l a petita localitat als peus de les estacions d\u2019esqu\u00ed de La Molina i Masella.<\/p>\n<p>Aquest 2017, Pastisseria Gil posa la pen\u00faltima pota al projecte empresarial obrint una botiga al centre de Puigcerd\u00e0. Seguint la l\u00ednia que ens ha fet cr\u00e9ixer aquests 30 anys, per\u00f2 amb un toc m\u00e9s actual.<\/p>\n<\/div>\n<p>[\/vc_column_text][\/vc_column][\/vc_row]<\/p>\n<\/div>","protected":false},"excerpt":{"rendered":"<p>[vc_row padding_top=&#8221;10&#8243; padding_bottom=&#8221;10&#8243;][vc_column][vc_column_text] La fam\u00edlia Gil us d\u00f3na la benvinguda a Pastisseria Gil, ens trobem en la petita Vila de Ll\u00edvia, &#8230;<\/p>\n","protected":false},"author":1,"featured_media":0,"parent":0,"menu_order":0,"comment_status":"closed","ping_status":"closed","template":"","meta":{"footnotes":""},"class_list":["post-1178","page","type-page","status-publish","hentry"],"yoast_head":"<!-- This site is optimized with the Yoast SEO plugin v27.4 - https:\/\/yoast.com\/product\/yoast-seo-wordpress\/ -->\n<title>Pastelerias Gil - Pastisseries Gil<\/title>\n<meta name=\"robots\" content=\"index, follow, max-snippet:-1, max-image-preview:large, max-video-preview:-1\" \/>\n<link rel=\"canonical\" href=\"https:\/\/www.pastisseriesgil.com\/ca\/pastelerias-gil\/\" \/>\n<meta property=\"og:locale\" content=\"ca_ES\" \/>\n<meta property=\"og:type\" content=\"article\" \/>\n<meta property=\"og:title\" content=\"Pastelerias Gil - Pastisseries Gil\" \/>\n<meta property=\"og:description\" content=\"[vc_row padding_top=&#8221;10&#8243; padding_bottom=&#8221;10&#8243;][vc_column][vc_column_text] La fam\u00edlia Gil us d\u00f3na la benvinguda a Pastisseria Gil, ens trobem en la petita Vila de Ll\u00edvia, ...\" \/>\n<meta property=\"og:url\" content=\"https:\/\/www.pastisseriesgil.com\/ca\/pastelerias-gil\/\" \/>\n<meta property=\"og:site_name\" content=\"Pastisseries Gil\" \/>\n<meta property=\"article:modified_time\" content=\"2017-02-13T23:37:31+00:00\" \/>\n<meta name=\"twitter:card\" content=\"summary_large_image\" \/>\n<meta name=\"twitter:label1\" content=\"Est. reading time\" \/>\n\t<meta name=\"twitter:data1\" content=\"2 minutes\" \/>\n<script type=\"application\/ld+json\" class=\"yoast-schema-graph\">{\"@context\":\"https:\\\/\\\/schema.org\",\"@graph\":[{\"@type\":\"WebPage\",\"@id\":\"https:\\\/\\\/www.pastisseriesgil.com\\\/ca\\\/pastelerias-gil\\\/\",\"url\":\"https:\\\/\\\/www.pastisseriesgil.com\\\/ca\\\/pastelerias-gil\\\/\",\"name\":\"Pastelerias Gil - Pastisseries Gil\",\"isPartOf\":{\"@id\":\"https:\\\/\\\/www.pastisseriesgil.com\\\/#website\"},\"datePublished\":\"2015-02-05T10:21:41+00:00\",\"dateModified\":\"2017-02-13T23:37:31+00:00\",\"breadcrumb\":{\"@id\":\"https:\\\/\\\/www.pastisseriesgil.com\\\/ca\\\/pastelerias-gil\\\/#breadcrumb\"},\"inLanguage\":\"ca-ES\",\"potentialAction\":[{\"@type\":\"ReadAction\",\"target\":[\"https:\\\/\\\/www.pastisseriesgil.com\\\/ca\\\/pastelerias-gil\\\/\"]}]},{\"@type\":\"BreadcrumbList\",\"@id\":\"https:\\\/\\\/www.pastisseriesgil.com\\\/ca\\\/pastelerias-gil\\\/#breadcrumb\",\"itemListElement\":[{\"@type\":\"ListItem\",\"position\":1,\"name\":\"Portada\",\"item\":\"https:\\\/\\\/www.pastisseriesgil.com\\\/ca\\\/\"},{\"@type\":\"ListItem\",\"position\":2,\"name\":\"Pastelerias Gil\"}]},{\"@type\":\"WebSite\",\"@id\":\"https:\\\/\\\/www.pastisseriesgil.com\\\/#website\",\"url\":\"https:\\\/\\\/www.pastisseriesgil.com\\\/\",\"name\":\"Pastisseries Gil\",\"description\":\"Llivia - Alp - Puigcerda - Pasteleria Cerdanya\",\"potentialAction\":[{\"@type\":\"SearchAction\",\"target\":{\"@type\":\"EntryPoint\",\"urlTemplate\":\"https:\\\/\\\/www.pastisseriesgil.com\\\/?s={search_term_string}\"},\"query-input\":{\"@type\":\"PropertyValueSpecification\",\"valueRequired\":true,\"valueName\":\"search_term_string\"}}],\"inLanguage\":\"ca-ES\"}]}<\/script>\n<!-- \/ Yoast SEO plugin. -->","yoast_head_json":{"title":"Pastelerias Gil - Pastisseries Gil","robots":{"index":"index","follow":"follow","max-snippet":"max-snippet:-1","max-image-preview":"max-image-preview:large","max-video-preview":"max-video-preview:-1"},"canonical":"https:\/\/www.pastisseriesgil.com\/ca\/pastelerias-gil\/","og_locale":"ca_ES","og_type":"article","og_title":"Pastelerias Gil - Pastisseries Gil","og_description":"[vc_row padding_top=&#8221;10&#8243; padding_bottom=&#8221;10&#8243;][vc_column][vc_column_text] La fam\u00edlia Gil us d\u00f3na la benvinguda a Pastisseria Gil, ens trobem en la petita Vila de Ll\u00edvia, ...","og_url":"https:\/\/www.pastisseriesgil.com\/ca\/pastelerias-gil\/","og_site_name":"Pastisseries Gil","article_modified_time":"2017-02-13T23:37:31+00:00","twitter_card":"summary_large_image","twitter_misc":{"Est. reading time":"2 minutes"},"schema":{"@context":"https:\/\/schema.org","@graph":[{"@type":"WebPage","@id":"https:\/\/www.pastisseriesgil.com\/ca\/pastelerias-gil\/","url":"https:\/\/www.pastisseriesgil.com\/ca\/pastelerias-gil\/","name":"Pastelerias Gil - Pastisseries Gil","isPartOf":{"@id":"https:\/\/www.pastisseriesgil.com\/#website"},"datePublished":"2015-02-05T10:21:41+00:00","dateModified":"2017-02-13T23:37:31+00:00","breadcrumb":{"@id":"https:\/\/www.pastisseriesgil.com\/ca\/pastelerias-gil\/#breadcrumb"},"inLanguage":"ca-ES","potentialAction":[{"@type":"ReadAction","target":["https:\/\/www.pastisseriesgil.com\/ca\/pastelerias-gil\/"]}]},{"@type":"BreadcrumbList","@id":"https:\/\/www.pastisseriesgil.com\/ca\/pastelerias-gil\/#breadcrumb","itemListElement":[{"@type":"ListItem","position":1,"name":"Portada","item":"https:\/\/www.pastisseriesgil.com\/ca\/"},{"@type":"ListItem","position":2,"name":"Pastelerias Gil"}]},{"@type":"WebSite","@id":"https:\/\/www.pastisseriesgil.com\/#website","url":"https:\/\/www.pastisseriesgil.com\/","name":"Pastisseries Gil","description":"Llivia - Alp - Puigcerda - Pasteleria Cerdanya","potentialAction":[{"@type":"SearchAction","target":{"@type":"EntryPoint","urlTemplate":"https:\/\/www.pastisseriesgil.com\/?s={search_term_string}"},"query-input":{"@type":"PropertyValueSpecification","valueRequired":true,"valueName":"search_term_string"}}],"inLanguage":"ca-ES"}]}},"_links":{"self":[{"href":"https:\/\/www.pastisseriesgil.com\/ca\/wp-json\/wp\/v2\/pages\/1178","targetHints":{"allow":["GET"]}}],"collection":[{"href":"https:\/\/www.pastisseriesgil.com\/ca\/wp-json\/wp\/v2\/pages"}],"about":[{"href":"https:\/\/www.pastisseriesgil.com\/ca\/wp-json\/wp\/v2\/types\/page"}],"author":[{"embeddable":true,"href":"https:\/\/www.pastisseriesgil.com\/ca\/wp-json\/wp\/v2\/users\/1"}],"replies":[{"embeddable":true,"href":"https:\/\/www.pastisseriesgil.com\/ca\/wp-json\/wp\/v2\/comments?post=1178"}],"version-history":[{"count":0,"href":"https:\/\/www.pastisseriesgil.com\/ca\/wp-json\/wp\/v2\/pages\/1178\/revisions"}],"wp:attachment":[{"href":"https:\/\/www.pastisseriesgil.com\/ca\/wp-json\/wp\/v2\/media?parent=1178"}],"curies":[{"name":"wp","href":"https:\/\/api.w.org\/{rel}","templated":true}]}}