{"id":1482,"date":"2020-03-09T14:41:46","date_gmt":"2020-03-09T14:41:46","guid":{"rendered":"https:\/\/www.pastisseriesgil.com\/politica-privacidad\/"},"modified":"2020-03-09T15:05:28","modified_gmt":"2020-03-09T15:05:28","slug":"politica-privacitat","status":"publish","type":"page","link":"https:\/\/www.pastisseriesgil.com\/ca\/politica-privacitat\/","title":{"rendered":"Pol\u00edtica de privacitat"},"content":{"rendered":"<div class=\"wpb-content-wrapper\"><p>[vc_row][vc_column][vc_column_text]<strong>POL\u00cdTICA DE PRIVACITAT<\/strong><\/p>\n<p>GIL MATEU PASTISSERS SL \u00e9s conscient de la import\u00e0ncia que suposa per als nostres usuaris obtenir informaci\u00f3 clara i transparent sobre l&#8217;\u00fas que fem de la informaci\u00f3 que ens proporcionen.<\/p>\n<p>La relaci\u00f3 amb els nostres usuaris es basa en l&#8217;honestedat, el rigor i la transpar\u00e8ncia per a construir relacions s\u00f2lides i de confian\u00e7a mut\u00faa. Mitjan\u00e7ant la present Pol\u00edtica de Privacitat els detallem com tractem les seves dades personals quan es relacionen amb nosaltres.[\/vc_column_text][vc_column_text]<strong>PROTECCI\u00d3 DE DADES<\/strong><\/p>\n<p><strong>Qu\u00e9 son dades de car\u00e0cter personal?<\/strong><\/p>\n<p>Una dada de car\u00e0cter personal \u00e9s qualsevol informaci\u00f3 num\u00e8rica, alfab\u00e8tica, fotogr\u00e0fica, ac\u00fastica o de qualsevol altre tipus concernent a persones f\u00edsiques identificades o identificables, tant la relativa a la seva identitat com a la seva exist\u00e8ncia i ocupacions. Exemples d&#8217;aquesta informaci\u00f3 s\u00f3n el seu nom, email o tel\u00e8fon.<\/p>\n<p><strong>Quin tipus de dades recollim?<\/strong><\/p>\n<p>Dades identificatives i de contacte com el nom, email, etc., proporcionades volunt\u00e0riament pel propi usuari a trav\u00e9s dels formularis inclosos en el portal , que corresponen a un m\u00ednim raonable per a poder dur a terme el tractament en q\u00fcesti\u00f3.<\/p>\n<p>Dades de connexi\u00f3, com l&#8217;adre\u00e7a IP, operador d&#8217;acc\u00e9s, etc, recopilades de manera t\u00e8cnica en base a l&#8217;\u00fas que l&#8217;usuari fa del servei i que ens permeten interactuar amb ell.<\/p>\n<p><strong>Amb quina finalitat tractem les seves dades?<\/strong><\/p>\n<p>GIL MATEU PASTISSERS SL tractar\u00e0 les dades confidencialment i amb l&#8217;\u00fanica finalitat de prestar els serveis sol\u00b7licitats, amb totes les garanties legals i de seguretat que imposa la Llei org\u00e0nica 3\/2018, de 5 de desembre, de protecci\u00f3 de dades i Garantia de Drets Digitals, el Reglament (UE) 2016\/679 del Parlament Europeu i del Consell, de 27 d&#8217;abril de 2016 (RGPD) i la Llei 34\/2002, d&#8217;39;11 de juliol, de Serveis de la Societat de la Informaci\u00f3 i Comer\u00e7 Electr\u00f2nic.<\/p>\n<p><strong>Finalitats:<\/strong><\/p>\n<p>1. Permetre a l&#8217;usuari contactar amb nosaltres i donar resposta a les sol\u00b7licituds d&#8217;informaci\u00f3 enviades a trav\u00e9s dels formularis disposats en La Web.<\/p>\n<p>2. Crear i gestionar la llista de suscritores als nostres butlletins informatius per a mantenir-los informats sobre els nostres productes i serveis.<\/p>\n<p>3. Permetre el funcionament de nostra website, a trav\u00e9s de cookies t\u00e8cniques i funcionals tal com es detalla en la nostra pol\u00edtica de cookies.<\/p>\n<p><strong>Quina \u00e9s la base que legitima el tractament?<\/strong><\/p>\n<p>El consentiment de l&#8217;usuari lliure, espec\u00edfic, informat i inequ\u00edvoc, en tant que l&#8217;informem posant a la seva disposici\u00f3 la present pol\u00edtica de privacitat, que despr\u00e9s de la seva lectura, en cas d&#8217;estar conforme, pot acceptar mitjan\u00e7ant una clara acci\u00f3 afirmativa, com el marcat d&#8217;una casella disposada a l&#8217;efecte.<\/p>\n<p><strong>Qui tracta les seves dades?<\/strong><\/p>\n<p>El Responsable del tractament de les seves dades \u00e9s GIL MATEU PASTISSERS SL B55068316 AVDA. PA\u00cfSOS CATALANS, 26, 17527 LL\u00cdVIA (GIRONA) info@pastisseriesgil.com 972 89 63 24.<\/p>\n<p><strong>Quines dades son obligat\u00f2ries?<\/strong><\/p>\n<p>Totes les que li sol\u00b7licitem en el preceptiu formulari s\u00f3n obligat\u00f2ries, essent impossible realitzar les finalitats expressades si no s&#8217;aporten aquestes dades o ens les facilita de manera err\u00f2nia o incompleta.<\/p>\n<p>L&#8217;usuari manifesta que totes les dades facilitades per ell s\u00f3n certes i correctes i es compromet a mantenir-les actualitzades, comunicant els canvis a GIL MATEU PASTISSERS SL.<\/p>\n<p><strong>Es prenen decissions automatitzades?<\/strong><\/p>\n<p>No s&#8217;adopten decisions automatitzades, encara que si pot arribar a entrar dins de la nostra pol\u00edtica de m\u00e0rqueting elaborar perfils estad\u00edstics anonimitzats sobre la base del comportament dels usuaris.<\/p>\n<p><strong>Com presentem la informaci\u00f3?<\/strong><\/p>\n<p>La informaci\u00f3 sobre el tractament de les dades personals, es facilita a l&#8217;interessat de manera clara i concisa, tenint en compte que l&#8217;objectiu final \u00e9s que l&#8217;usuari pugui prendre decisions informades sobre la utilitzaci\u00f3 de les seves dades personals. Per a aix\u00f2, adoptem un sistema d&#8217;informaci\u00f3 per capes o nivells, de tal manera que es presenta a l&#8217;usuari una informaci\u00f3 b\u00e0sica redu\u00efda en el mateix formulari en qu\u00e8 s&#8217;obt\u00e9 el consentiment i una informaci\u00f3 addicional m\u00e9s detallada en aquest text de Pol\u00edtica de Privacitat.<\/p>\n<p><strong>A quins destinataris es comuniquen les seves dades? Es realitzen transfer\u00e8ncies internacionals de dades?<\/strong><\/p>\n<p>No cedim les seves dades personals a tercers, excepte per imperatiu legal. Per poder dur a terme els nostres serveis necessitem treballar amb empreses (prove\u00efdors de hosting, de tecnologia d&#8217;an\u00e0lisis de dades, etc) que tracten les seves dades per compte nostre com a part de la prestaci\u00f3 d&#8217;un servei que els hem contractat i amb els qui hem signat els corresponents contractes d&#8217;Encarregats de Tractament, exigint-los el compliment de la normativa en mat\u00e8ria de protecci\u00f3 de dades.<\/p>\n<p>GIL MATEU PASTISSERS SL comparteix dades amb els seg\u00fcents prove\u00efdors sota les seves corresponents condicions de privacitat:<\/p>\n<p>Google Analytics: un servei anal\u00edtic de web prestat per Google, Inc., una companyia de Delaware l&#8217;oficina principal de la qual est\u00e0 en 1600 Amphitheatre Parkway, Mountain View (Calif\u00f2rnia), CA 94043, els Estats Units (\u201cGoogle\u201d). Google Analytics utilitza \u201ccookies\u201d, que s\u00f3n arxius de text situats en el seu ordinador, per a ajudar a Leitmotivmedia.com a analitzar l&#8217;\u00fas que fan els usuaris del lloc web.<\/p>\n<p>La informaci\u00f3 que genera la cookie sobre l&#8217;\u00fas del nostre portal, (incloent la seva adre\u00e7a IP) ser\u00e0 directament transmesa i arxivada per Google en els servidors dels Estats Units.<\/p>\n<p>Email m\u00e0rqueting: The Rocket Science Group LLC d\/b\/a , amb domicili als EUA. M\u00e9s informaci\u00f3 a: https:\/\/mailchimp.com\/ (The Rocket Science Group LLC d\/b\/a ). The Rocket Science Group LLC d\/b\/a tracta les dades en la seva gesti\u00f3 de serveis d&#8217;email m\u00e0rqueting a GIL MATEU PASTISSERS SL.<\/p>\n<p>Tot i que es tracta en alguns casos de prove\u00efdors de servei situats fora de l&#8217;Espai Econ\u00f2mic Europeu i que no proporcionarian a priori un nivell de protecci\u00f3 equiparable al de la UE, el flux de dades personals amb aquests prove\u00efdors est\u00e0 emparat sota la certificaci\u00f3 de compliment amb els marcs de privacitat UE\/EUA, a trav\u00e9s de l&#8217;escut &#8220;Privacy Shield&#8221; equiparant les seves garanties a les exigides pel nostre ordenament jur\u00eddic.<\/p>\n<p><strong>Durant quan de temps guardem les seves dades?<\/strong><\/p>\n<p>Respecte de cada tractament per al qual ens hagi donat el seu consentiment, conservarem les dades el temps que sigui necessari per a garantir la prestaci\u00f3 del servei i mentre l&#8217;usuari no hagi sol\u00b7licitat la baixa i eliminaci\u00f3 de les seves dades.<\/p>\n<p>En qualsevol cas, les dades es conservaran durant el termini necessari per a complir amb les nostres obligacions legals.<\/p>\n<p><strong>Comunicacions comercials<\/strong><\/p>\n<p>D&#8217;acord amb la LSSICE, GIL MATEU PASTISSERS SL no realitzar\u00e0 pr\u00e0ctiques d&#8217;SPAM , per la qual cosa no enviar\u00e0 correus comercials per via electr\u00f2nica que no hagin estat pr\u00e8viament sol\u00b7licitats o expressament autoritzats per l&#8217;usuari.<\/p>\n<p>En conseq\u00fc\u00e8ncia, en cadascun dels formularis haguts en la web, l&#8217;usuari t\u00e9 la possibilitat de donar el seu consentiment expr\u00e9s per a rebre la newsletter, amb independ\u00e8ncia de la informaci\u00f3 comercial puntualment sol\u00b7licitada.<\/p>\n<p><strong>Quins drets existeixen i com puc exercitar-los?<\/strong><\/p>\n<p>L&#8217;usuari podr\u00e0, en qualsevol moment exercitar els seus drets d&#8217;acc\u00e9s, rectificaci\u00f3, supressi\u00f3 i oposici\u00f3 aix\u00ed com els de limitaci\u00f3 del tractament i portabilitat dirijint-se per escrit a l&#8217;adre\u00e7a de correu electr\u00f2nic info@pastisseriesgil.com.<\/p>\n<p>L&#8217;exercici de tots aquests drets \u00e9s gratu\u00eft i, en llaures a la major transpar\u00e8ncia, li facilitem m\u00e9s informaci\u00f3 sobre aquests drets:<\/p>\n<p><strong>Dret d&#8217;acc\u00e9s, rectificaci\u00f3 i supressi\u00f3<\/strong>: Els interessats podran accedir a les seves dades personals, aix\u00ed com sol\u00b7licitar la rectificaci\u00f3 de les dades inexactes o si \u00e9s necessari, sol\u00b7licitar la seva supressi\u00f3 quan, entre altres motius, les dades ja no siguin necessaris per a les finalidas per a les quals van ser recollides.<\/p>\n<p><strong>Dret a Oposici\u00f3<\/strong>: En determinades circumst\u00e0ncies i per motius relacionats amb la seva situaci\u00f3 particular, pot oposar-se al tractament de les seves dades. GIL MATEU PASTISSERS SL deixar\u00e0 de tractar les dades, excepte per motius leg\u00edtims, imperiosos, per l&#8217;exercici o la defensa de possibles reclamacions o per a complir amb les nostres obligacions legals.<\/p>\n<p><strong>Dret a la Limitaci\u00f3 del tractament<\/strong>: En determinades circumst\u00e0ncies pot sol\u00b7licitar la limitaci\u00f3 del tractament de les seves dades, i en aquest cas \u00fanicament les conservarem per a complir amb les nostres obligacions legals.<\/p>\n<p><strong>Dret a la Portabilitat<\/strong>: Podr\u00e0 rebre, en format electr\u00f2nic, les dades personals que ens hagi facilitat i tansmetre&#8217;ls directament a un altre Responsable de Tractament quan aix\u00ed ens ho sol\u00b7liciti i sigui t\u00e8cnicament possible.<\/p>\n<p><strong>Dret a la Retirada del consentiment<\/strong>: En qualsevol moment pot retirar el consentiment prestat sense que aix\u00f2 afecti la licitud del tractament. Si sol\u00b7licita la cancel\u00b7laci\u00f3 de les seves dades deixarem de processar-es per\u00f2 ha de tenir en compte que no podrem continuar prestant-li serveis i que, en determinats casos en els quals tinguem la base legal corresponent, continuarem tractant la seva informaci\u00f3 encara despr\u00e9s que hagi retirat el seu consentiment i sol\u00b7licitat l&#8217;eliminaci\u00f3 de la seva informaci\u00f3.<\/p>\n<p>En cas de diverg\u00e8ncies amb GIL MATEU PASTISSERS SL en relaci\u00f3 amb el tractament de les seves dades, pot interposar reclamaci\u00f3 davant l&#8217;Ag\u00e8ncia Espanyola de Protecci\u00f3 de Dades en la seva seu electr\u00f2nica (ww.aepd.es).<\/p>\n<p>En tot cas, pel nostre fort comprom\u00eds amb la privacitat el convidem a que es dirigeixi directament a nosaltres per a solucionar qualsevol q\u00fcesti\u00f3 relacionada amb les seves dades personals.<\/p>\n<p>S&#8217;aplicar\u00e0 la legislaci\u00f3 espanyola a totes les disputes que afectin aquesta p\u00e0gina web, sent competents els tribunals i jutjats corresponents.[\/vc_column_text][\/vc_column][\/vc_row][vc_row][vc_column][vc_column_text]<strong>Modificaci\u00f3 de la Pol\u00edtica de Privacitat<\/strong><\/p>\n<p>GIL MATEU PASTISSERS SL es reserva el dret a modificar la present pol\u00edtica per a adaptar-la a futures novetats legislatives o jurisprudencials, aix\u00ed com a pr\u00e0ctiques de la ind\u00fastria.<\/p>\n<p>Li recomanem que consulti aquesta p\u00e0gina amb certa freq\u00fc\u00e8ncia per a revisar la versi\u00f3 m\u00e9s recent. En la part superior d&#8217;aquest document li indiquem la data de l&#8217;\u00faltima actualitzaci\u00f3. La nova pol\u00edtica de privacitat ser\u00e0 efectiva des del moment de la seva publicaci\u00f3.<\/p>\n<p>Si continua accedint o utilitzant els nostres serveis despr\u00e9s de l&#8217;entrada en vigor d&#8217;aquestes modificacions, accepta estar subjecte a la nova pol\u00edtica de privacitat.<\/p>\n<p>En cap cas aquestes modificacions afectaran l&#8217;elecci\u00f3 que hagu\u00e9s formulat pel que fa a la manera en qu\u00e8 GIL MATEU PASTISSERS SL pot tractar les seves dades personals. Si en algun moment volgu\u00e9ssim utilitzar les seves dades de manera diferent a l&#8217;establerta en el moment de la recollida, li ho notificarem per correu electr\u00f2nic, sol\u00b7licitant el seu consentiment.<\/p>\n<p>Aix\u00ed mateix, GIL MATEU PASTISSERS SL es reserva el dret a la rescissi\u00f3 dels serveis que presta en relaci\u00f3 a aquells usuaris que no compleixin amb els termes i condicions legals d&#8217;\u00fas, aix\u00ed com amb la legislaci\u00f3 vigent.[\/vc_column_text][\/vc_column][\/vc_row]<\/p>\n<\/div>","protected":false},"excerpt":{"rendered":"<p>[vc_row][vc_column][vc_column_text]POL\u00cdTICA DE PRIVACITAT GIL MATEU PASTISSERS SL \u00e9s conscient de la import\u00e0ncia que suposa per als nostres usuaris obtenir informaci\u00f3 clara &#8230;<\/p>\n","protected":false},"author":1,"featured_media":0,"parent":0,"menu_order":0,"comment_status":"closed","ping_status":"closed","template":"","meta":{"footnotes":""},"class_list":["post-1482","page","type-page","status-publish","hentry"],"yoast_head":"<!-- This site is optimized with the Yoast SEO plugin v27.4 - https:\/\/yoast.com\/product\/yoast-seo-wordpress\/ -->\n<title>Pol\u00edtica de privacitat - Pastisseries Gil<\/title>\n<meta name=\"robots\" content=\"index, follow, max-snippet:-1, max-image-preview:large, max-video-preview:-1\" \/>\n<link rel=\"canonical\" href=\"https:\/\/www.pastisseriesgil.com\/ca\/politica-privacitat\/\" \/>\n<meta property=\"og:locale\" content=\"ca_ES\" \/>\n<meta property=\"og:type\" content=\"article\" \/>\n<meta property=\"og:title\" content=\"Pol\u00edtica de privacitat - Pastisseries Gil\" \/>\n<meta property=\"og:description\" content=\"[vc_row][vc_column][vc_column_text]POL\u00cdTICA DE PRIVACITAT GIL MATEU PASTISSERS SL \u00e9s conscient de la import\u00e0ncia que suposa per als nostres usuaris obtenir informaci\u00f3 clara ...\" \/>\n<meta property=\"og:url\" content=\"https:\/\/www.pastisseriesgil.com\/ca\/politica-privacitat\/\" \/>\n<meta property=\"og:site_name\" content=\"Pastisseries Gil\" \/>\n<meta property=\"article:modified_time\" content=\"2020-03-09T15:05:28+00:00\" \/>\n<meta name=\"twitter:card\" content=\"summary_large_image\" \/>\n<meta name=\"twitter:label1\" content=\"Est. reading time\" \/>\n\t<meta name=\"twitter:data1\" content=\"9 minutes\" \/>\n<script type=\"application\/ld+json\" class=\"yoast-schema-graph\">{\"@context\":\"https:\\\/\\\/schema.org\",\"@graph\":[{\"@type\":\"WebPage\",\"@id\":\"https:\\\/\\\/www.pastisseriesgil.com\\\/ca\\\/politica-privacitat\\\/\",\"url\":\"https:\\\/\\\/www.pastisseriesgil.com\\\/ca\\\/politica-privacitat\\\/\",\"name\":\"Pol\u00edtica de privacitat - Pastisseries Gil\",\"isPartOf\":{\"@id\":\"https:\\\/\\\/www.pastisseriesgil.com\\\/#website\"},\"datePublished\":\"2020-03-09T14:41:46+00:00\",\"dateModified\":\"2020-03-09T15:05:28+00:00\",\"breadcrumb\":{\"@id\":\"https:\\\/\\\/www.pastisseriesgil.com\\\/ca\\\/politica-privacitat\\\/#breadcrumb\"},\"inLanguage\":\"ca-ES\",\"potentialAction\":[{\"@type\":\"ReadAction\",\"target\":[\"https:\\\/\\\/www.pastisseriesgil.com\\\/ca\\\/politica-privacitat\\\/\"]}]},{\"@type\":\"BreadcrumbList\",\"@id\":\"https:\\\/\\\/www.pastisseriesgil.com\\\/ca\\\/politica-privacitat\\\/#breadcrumb\",\"itemListElement\":[{\"@type\":\"ListItem\",\"position\":1,\"name\":\"Portada\",\"item\":\"https:\\\/\\\/www.pastisseriesgil.com\\\/ca\\\/\"},{\"@type\":\"ListItem\",\"position\":2,\"name\":\"Pol\u00edtica de privacitat\"}]},{\"@type\":\"WebSite\",\"@id\":\"https:\\\/\\\/www.pastisseriesgil.com\\\/#website\",\"url\":\"https:\\\/\\\/www.pastisseriesgil.com\\\/\",\"name\":\"Pastisseries Gil\",\"description\":\"Llivia - Alp - Puigcerda - Pasteleria Cerdanya\",\"potentialAction\":[{\"@type\":\"SearchAction\",\"target\":{\"@type\":\"EntryPoint\",\"urlTemplate\":\"https:\\\/\\\/www.pastisseriesgil.com\\\/?s={search_term_string}\"},\"query-input\":{\"@type\":\"PropertyValueSpecification\",\"valueRequired\":true,\"valueName\":\"search_term_string\"}}],\"inLanguage\":\"ca-ES\"}]}<\/script>\n<!-- \/ Yoast SEO plugin. -->","yoast_head_json":{"title":"Pol\u00edtica de privacitat - Pastisseries Gil","robots":{"index":"index","follow":"follow","max-snippet":"max-snippet:-1","max-image-preview":"max-image-preview:large","max-video-preview":"max-video-preview:-1"},"canonical":"https:\/\/www.pastisseriesgil.com\/ca\/politica-privacitat\/","og_locale":"ca_ES","og_type":"article","og_title":"Pol\u00edtica de privacitat - Pastisseries Gil","og_description":"[vc_row][vc_column][vc_column_text]POL\u00cdTICA DE PRIVACITAT GIL MATEU PASTISSERS SL \u00e9s conscient de la import\u00e0ncia que suposa per als nostres usuaris obtenir informaci\u00f3 clara ...","og_url":"https:\/\/www.pastisseriesgil.com\/ca\/politica-privacitat\/","og_site_name":"Pastisseries Gil","article_modified_time":"2020-03-09T15:05:28+00:00","twitter_card":"summary_large_image","twitter_misc":{"Est. reading time":"9 minutes"},"schema":{"@context":"https:\/\/schema.org","@graph":[{"@type":"WebPage","@id":"https:\/\/www.pastisseriesgil.com\/ca\/politica-privacitat\/","url":"https:\/\/www.pastisseriesgil.com\/ca\/politica-privacitat\/","name":"Pol\u00edtica de privacitat - Pastisseries Gil","isPartOf":{"@id":"https:\/\/www.pastisseriesgil.com\/#website"},"datePublished":"2020-03-09T14:41:46+00:00","dateModified":"2020-03-09T15:05:28+00:00","breadcrumb":{"@id":"https:\/\/www.pastisseriesgil.com\/ca\/politica-privacitat\/#breadcrumb"},"inLanguage":"ca-ES","potentialAction":[{"@type":"ReadAction","target":["https:\/\/www.pastisseriesgil.com\/ca\/politica-privacitat\/"]}]},{"@type":"BreadcrumbList","@id":"https:\/\/www.pastisseriesgil.com\/ca\/politica-privacitat\/#breadcrumb","itemListElement":[{"@type":"ListItem","position":1,"name":"Portada","item":"https:\/\/www.pastisseriesgil.com\/ca\/"},{"@type":"ListItem","position":2,"name":"Pol\u00edtica de privacitat"}]},{"@type":"WebSite","@id":"https:\/\/www.pastisseriesgil.com\/#website","url":"https:\/\/www.pastisseriesgil.com\/","name":"Pastisseries Gil","description":"Llivia - Alp - Puigcerda - Pasteleria Cerdanya","potentialAction":[{"@type":"SearchAction","target":{"@type":"EntryPoint","urlTemplate":"https:\/\/www.pastisseriesgil.com\/?s={search_term_string}"},"query-input":{"@type":"PropertyValueSpecification","valueRequired":true,"valueName":"search_term_string"}}],"inLanguage":"ca-ES"}]}},"_links":{"self":[{"href":"https:\/\/www.pastisseriesgil.com\/ca\/wp-json\/wp\/v2\/pages\/1482","targetHints":{"allow":["GET"]}}],"collection":[{"href":"https:\/\/www.pastisseriesgil.com\/ca\/wp-json\/wp\/v2\/pages"}],"about":[{"href":"https:\/\/www.pastisseriesgil.com\/ca\/wp-json\/wp\/v2\/types\/page"}],"author":[{"embeddable":true,"href":"https:\/\/www.pastisseriesgil.com\/ca\/wp-json\/wp\/v2\/users\/1"}],"replies":[{"embeddable":true,"href":"https:\/\/www.pastisseriesgil.com\/ca\/wp-json\/wp\/v2\/comments?post=1482"}],"version-history":[{"count":0,"href":"https:\/\/www.pastisseriesgil.com\/ca\/wp-json\/wp\/v2\/pages\/1482\/revisions"}],"wp:attachment":[{"href":"https:\/\/www.pastisseriesgil.com\/ca\/wp-json\/wp\/v2\/media?parent=1482"}],"curies":[{"name":"wp","href":"https:\/\/api.w.org\/{rel}","templated":true}]}}