{"id":1488,"date":"2020-03-09T15:14:17","date_gmt":"2020-03-09T15:14:17","guid":{"rendered":"https:\/\/www.pastisseriesgil.com\/politica-cookies\/"},"modified":"2020-03-09T15:26:49","modified_gmt":"2020-03-09T15:26:49","slug":"politica-cookies","status":"publish","type":"page","link":"https:\/\/www.pastisseriesgil.com\/ca\/politica-cookies\/","title":{"rendered":"Pol\u00edtica de cookies"},"content":{"rendered":"<div class=\"wpb-content-wrapper\"><p>[vc_row][vc_column][vc_column_text]<strong>POL\u00cdTICA DE COOKIES<\/strong><\/p>\n<p>A trav\u00e9s d&#8217;aquest Portal, no recull ni processa cap tipus de dades personals excepte les recollides a trav\u00e9s dels formularis de contacte i les cookies, segons s&#8217;explica a continuaci\u00f3.<\/p>\n<p>Aquest portal , igual que la majoria de portals a Internet, utilitza cookies per millorar l&#8217;experi\u00e8ncia de l&#8217;usuari. A continuaci\u00f3 trobareu informaci\u00f3 sobre qu\u00e8 s\u00f3n les cookies, quins tipus de cookies utilitza aquest portal, com pot desactivar les cookies en el seu navegador i com desactivar espec\u00edficament la instal\u00b7laci\u00f3 de cookies de tercers.<\/p>\n<p>Si no troba la informaci\u00f3 espec\u00edfica que vost\u00e8 est\u00e0 buscant, si us plau, consulti l&#8217;Av\u00eds Legal on trobar\u00e0 es nostres dades de contacte.[\/vc_column_text][vc_column_text]<strong>QU\u00c9 \u00c8S UNA COOKIE?<\/strong><\/p>\n<p>Una cookie \u00e9s un fitxer (petit arxiu) que es descarrega en el seu ordinador quan accedeix a determinades p\u00e0gines web, normalment format per lletres i n\u00fameros, enviat pel servidor de la nostra web a l&#8217;arxiu de cookies del seu navegador.[\/vc_column_text][vc_column_text]<strong>UTILITAT DE LES COOKIES<\/strong><\/p>\n<p>Les cookies s\u00f3n \u00fatils per diversos motius. Des d&#8217;un punt de vista t\u00e8cnic, permeten que les p\u00e0gines web funcionin de forma m\u00e9s \u00e0gil i adaptada a les seves prefer\u00e8ncies.<\/p>\n<p>Permetem a la nostra p\u00e0gina web, entre altres coses, emmagatzemar i recuperar informaci\u00f3 sobre els seus h\u00e0bits de navegaci\u00f3 o del seu equip i recordar la seva pres\u00e8ncia a l&#8217;establir una nova connexi\u00f3 entre el nostre servidor i el seu navegador. El principal prop\u00f2sit d&#8217;una cookie \u00e9s permetre al nostre servidor presentar p\u00e0gines web personalitzades que puguin convertir la visita a la web en una experi\u00e8ncia individual i ajustada a les prefer\u00e8ncies personals.<\/p>\n<p>Navegar per aquest portal suposa que es puguin instal\u00b7lar els seg\u00fcents tipus de cookies:<\/p>\n<p><strong>COOKIES DE MILLORA DEL RENDIMIENT<\/strong><\/p>\n<p>Aquest tipus de cookies conserva les seves prefer\u00e8ncies per certes eines o serveis perqu\u00e8 no hagi de reconfigurar-los cada vegada que visita el nostre portal i, en alguns casos, poden ser aportades per tercers. Alguns exemples s\u00f3n: volum dels reproductors audiovisuals, prefer\u00e8ncies d&#8217;ordenaci\u00f3 d&#8217;articles o velocitats de reproducci\u00f3 de v\u00eddeo compatibles. En el cas de comer\u00e7 electr\u00f2nic, permeten mantenir informaci\u00f3 sobre la cistella de la compra.<\/p>\n<p><strong>COOKIES DE MILLORA D&#8217;AN\u00c0LISI ESTAD\u00cdSTIC<\/strong><\/p>\n<p>S\u00f3n aquelles que, ben tractades per nosaltres o per tercer, permeten quantificar el nombre de visitants i analitzar estad\u00edsticament l&#8217;\u00fas que fan els usuaris dels nostres serveis. Gr\u00e0cies a aix\u00f2 podem estudiar la navegaci\u00f3 per la nostra p\u00e0gina web, i millorar aix\u00ed l&#8217;oferta de productes o serveis que oferim.<\/p>\n<p><strong>COOKIES DE GEOLOCALITZACI\u00d3<\/strong><\/p>\n<p>Aquestes cookies s\u00f3n usades per programes que intenten localitzar geogr\u00e0ficament la situaci\u00f3 de l&#8217;ordinador, smartphone, tablet o televisi\u00f3 connectada, per, de manera totalment an\u00f2nima, oferir continguts i serveis m\u00e9s adequats.<\/p>\n<p><strong>COOKIES DE REGISTRE<\/strong><\/p>\n<p>Quan vost\u00e8 es registra al nostre portal, es generen cookies que l&#8217;identifiquen com a usuari registrat i indiquen quan vost\u00e8 s&#8217;ha identificat al portal. Aquestes cookies s\u00f3n utilitzades per identificar el seu compte d&#8217;usuari i els seus serveis associats.<\/p>\n<p>Es mantenen mentre no abandoni el compte, tanqui el navegador o apagui el dispositiu. Aquestes cookies poden ser utilitzades en combinaci\u00f3 amb dades anal\u00edtiques per identificar de manera individual les seves prefer\u00e8ncies al nostre portal.<\/p>\n<p><strong>COOKIES PUBLICIT\u00c0RIES<\/strong><\/p>\n<p>S\u00f3n aquelles que, ben tractades per nosaltres o per tercers, permeten gestionar efica\u00e7ment els espais publicitaris del nostre lloc web, adequant el contingut de l&#8217;anunci al contingut del servei sol\u00b7licitat o l&#8217;\u00fas que realitzi de la nostra p\u00e0gina web. Gr\u00e0cies a elles podem con\u00e8ixer els seus h\u00e0bits de navegaci\u00f3 a Internet i mostrar publicitat relacionada amb el seu perfil de navegaci\u00f3.<\/p>\n<p><strong>COOKIES DE TERCERS<\/strong><\/p>\n<p>En algunes de les nostres p\u00e0gines es poden instal\u00b7lar cookies de tercers que permetin gestionar i millorar els serveis que aquests ofereixen.[\/vc_column_text][\/vc_column][\/vc_row][vc_row][vc_column][vc_column_text]<strong>ACCEPTACI\u00d3 DE LA POL\u00cdTICA DE COOKIES<\/strong><\/p>\n<p>El propietari de La Web assumeix que vost\u00e8 accepta l&#8217;\u00fas de cookies. No obstant aix\u00f2, li moestrem la informaci\u00f3 sobre la nostra Pol\u00edtica de Cookies a la part inferior de qualsevol p\u00e0gina del portal amb cada inici de sessi\u00f3 amb l&#8217;objecte que vost\u00e8 sigui conscient.<\/p>\n<p>Davant d&#8217;aquesta informaci\u00f3 \u00e9s possible dur a terme les seg\u00fcents accions:<\/p>\n<ul>\n<li>Accepta cookies; No es tornar\u00e0 a visualitzar aquest av\u00eds a l&#8217;accedir a qualsevol p\u00e0gina de portal durant la present sessi\u00f3.<\/li>\n<li>Tancar; S&#8217;oculta l&#8217;av\u00eds en la present p\u00e0gina.<\/li>\n<li>Modificar la configuraci\u00f3.<\/li>\n<\/ul>\n<p>[\/vc_column_text][\/vc_column][\/vc_row][vc_row][vc_column][vc_column_text]<strong>COM PUC CONFIGURAR LES MEVES PREFER\u00c8NCIES?<\/strong><\/p>\n<p>Pot permetre, bloquejar o eliminar les cookies instal\u00b7lades en el seu equip mitjan\u00e7ant la configuraci\u00f3 de les opcions del seu navegador d&#8217;Internet. En cas de qu\u00e8 les bloquegi, \u00e9s possible que certs serveis que necessiten el seu \u00fas no estiguin disponibles per a vost\u00e8. A continuaci\u00f3 li oferim enlla\u00e7os en els que trobar\u00e0 informaci\u00f3 sobre com pot activar les seves prefer\u00e8ncies en els principals navegadors:<\/p>\n<p><a href=\"https:\/\/support.google.com\/chrome\/answer\/95647?hl=es\" target=\"_blank\" rel=\"noopener noreferrer\">GoogleChrome<\/a><br \/>\n<a href=\"https:\/\/support.mozilla.org\/es\/products\/firefox\/protect-your-privacy\/cookies\" target=\"_blank\" rel=\"noopener noreferrer\">Mozilla Firefox<\/a><br \/>\n<a href=\"https:\/\/privacy.microsoft.com\/es-es\/privacystatement\" target=\"_blank\" rel=\"noopener noreferrer\">Internet Explorer<\/a><br \/>\n<a href=\"https:\/\/www.apple.com\/legal\/privacy\/es\/cookies\/\" target=\"_blank\" rel=\"noopener noreferrer\">Safari<\/a><br \/>\n<a href=\"https:\/\/www.adobe.com\/es\/privacy\/cookies.html\" target=\"_blank\" rel=\"noopener noreferrer\">Cookies Flash<\/a><\/p>\n<p>Si desitja contactar amb nosaltres respecte la nostra pol\u00edtica de cookies, pot consultar les nostres dades a l&#8217;Av\u00eds Legal.[\/vc_column_text][\/vc_column][\/vc_row]<\/p>\n<\/div>","protected":false},"excerpt":{"rendered":"<p>[vc_row][vc_column][vc_column_text]POL\u00cdTICA DE COOKIES A trav\u00e9s d&#8217;aquest Portal, no recull ni processa cap tipus de dades personals excepte les recollides a trav\u00e9s &#8230;<\/p>\n","protected":false},"author":1,"featured_media":0,"parent":0,"menu_order":0,"comment_status":"closed","ping_status":"closed","template":"","meta":{"footnotes":""},"class_list":["post-1488","page","type-page","status-publish","hentry"],"yoast_head":"<!-- This site is optimized with the Yoast SEO plugin v27.5 - https:\/\/yoast.com\/product\/yoast-seo-wordpress\/ -->\n<title>Pol\u00edtica de cookies - Pastisseries Gil<\/title>\n<meta name=\"robots\" content=\"index, follow, max-snippet:-1, max-image-preview:large, max-video-preview:-1\" \/>\n<link rel=\"canonical\" href=\"https:\/\/www.pastisseriesgil.com\/ca\/politica-cookies\/\" \/>\n<meta property=\"og:locale\" content=\"ca_ES\" \/>\n<meta property=\"og:type\" content=\"article\" \/>\n<meta property=\"og:title\" content=\"Pol\u00edtica de cookies - Pastisseries Gil\" \/>\n<meta property=\"og:description\" content=\"[vc_row][vc_column][vc_column_text]POL\u00cdTICA DE COOKIES A trav\u00e9s d&#8217;aquest Portal, no recull ni processa cap tipus de dades personals excepte les recollides a trav\u00e9s ...\" \/>\n<meta property=\"og:url\" content=\"https:\/\/www.pastisseriesgil.com\/ca\/politica-cookies\/\" \/>\n<meta property=\"og:site_name\" content=\"Pastisseries Gil\" \/>\n<meta property=\"article:modified_time\" content=\"2020-03-09T15:26:49+00:00\" \/>\n<meta name=\"twitter:card\" content=\"summary_large_image\" \/>\n<meta name=\"twitter:label1\" content=\"Est. reading time\" \/>\n\t<meta name=\"twitter:data1\" content=\"5 minutes\" \/>\n<script type=\"application\/ld+json\" class=\"yoast-schema-graph\">{\"@context\":\"https:\\\/\\\/schema.org\",\"@graph\":[{\"@type\":\"WebPage\",\"@id\":\"https:\\\/\\\/www.pastisseriesgil.com\\\/ca\\\/politica-cookies\\\/\",\"url\":\"https:\\\/\\\/www.pastisseriesgil.com\\\/ca\\\/politica-cookies\\\/\",\"name\":\"Pol\u00edtica de cookies - Pastisseries Gil\",\"isPartOf\":{\"@id\":\"https:\\\/\\\/www.pastisseriesgil.com\\\/#website\"},\"datePublished\":\"2020-03-09T15:14:17+00:00\",\"dateModified\":\"2020-03-09T15:26:49+00:00\",\"breadcrumb\":{\"@id\":\"https:\\\/\\\/www.pastisseriesgil.com\\\/ca\\\/politica-cookies\\\/#breadcrumb\"},\"inLanguage\":\"ca-ES\",\"potentialAction\":[{\"@type\":\"ReadAction\",\"target\":[\"https:\\\/\\\/www.pastisseriesgil.com\\\/ca\\\/politica-cookies\\\/\"]}]},{\"@type\":\"BreadcrumbList\",\"@id\":\"https:\\\/\\\/www.pastisseriesgil.com\\\/ca\\\/politica-cookies\\\/#breadcrumb\",\"itemListElement\":[{\"@type\":\"ListItem\",\"position\":1,\"name\":\"Portada\",\"item\":\"https:\\\/\\\/www.pastisseriesgil.com\\\/ca\\\/\"},{\"@type\":\"ListItem\",\"position\":2,\"name\":\"Pol\u00edtica de cookies\"}]},{\"@type\":\"WebSite\",\"@id\":\"https:\\\/\\\/www.pastisseriesgil.com\\\/#website\",\"url\":\"https:\\\/\\\/www.pastisseriesgil.com\\\/\",\"name\":\"Pastisseries Gil\",\"description\":\"Llivia - Alp - Puigcerda - Pasteleria Cerdanya\",\"potentialAction\":[{\"@type\":\"SearchAction\",\"target\":{\"@type\":\"EntryPoint\",\"urlTemplate\":\"https:\\\/\\\/www.pastisseriesgil.com\\\/?s={search_term_string}\"},\"query-input\":{\"@type\":\"PropertyValueSpecification\",\"valueRequired\":true,\"valueName\":\"search_term_string\"}}],\"inLanguage\":\"ca-ES\"}]}<\/script>\n<!-- \/ Yoast SEO plugin. -->","yoast_head_json":{"title":"Pol\u00edtica de cookies - Pastisseries Gil","robots":{"index":"index","follow":"follow","max-snippet":"max-snippet:-1","max-image-preview":"max-image-preview:large","max-video-preview":"max-video-preview:-1"},"canonical":"https:\/\/www.pastisseriesgil.com\/ca\/politica-cookies\/","og_locale":"ca_ES","og_type":"article","og_title":"Pol\u00edtica de cookies - Pastisseries Gil","og_description":"[vc_row][vc_column][vc_column_text]POL\u00cdTICA DE COOKIES A trav\u00e9s d&#8217;aquest Portal, no recull ni processa cap tipus de dades personals excepte les recollides a trav\u00e9s ...","og_url":"https:\/\/www.pastisseriesgil.com\/ca\/politica-cookies\/","og_site_name":"Pastisseries Gil","article_modified_time":"2020-03-09T15:26:49+00:00","twitter_card":"summary_large_image","twitter_misc":{"Est. reading time":"5 minutes"},"schema":{"@context":"https:\/\/schema.org","@graph":[{"@type":"WebPage","@id":"https:\/\/www.pastisseriesgil.com\/ca\/politica-cookies\/","url":"https:\/\/www.pastisseriesgil.com\/ca\/politica-cookies\/","name":"Pol\u00edtica de cookies - Pastisseries Gil","isPartOf":{"@id":"https:\/\/www.pastisseriesgil.com\/#website"},"datePublished":"2020-03-09T15:14:17+00:00","dateModified":"2020-03-09T15:26:49+00:00","breadcrumb":{"@id":"https:\/\/www.pastisseriesgil.com\/ca\/politica-cookies\/#breadcrumb"},"inLanguage":"ca-ES","potentialAction":[{"@type":"ReadAction","target":["https:\/\/www.pastisseriesgil.com\/ca\/politica-cookies\/"]}]},{"@type":"BreadcrumbList","@id":"https:\/\/www.pastisseriesgil.com\/ca\/politica-cookies\/#breadcrumb","itemListElement":[{"@type":"ListItem","position":1,"name":"Portada","item":"https:\/\/www.pastisseriesgil.com\/ca\/"},{"@type":"ListItem","position":2,"name":"Pol\u00edtica de cookies"}]},{"@type":"WebSite","@id":"https:\/\/www.pastisseriesgil.com\/#website","url":"https:\/\/www.pastisseriesgil.com\/","name":"Pastisseries Gil","description":"Llivia - Alp - Puigcerda - Pasteleria Cerdanya","potentialAction":[{"@type":"SearchAction","target":{"@type":"EntryPoint","urlTemplate":"https:\/\/www.pastisseriesgil.com\/?s={search_term_string}"},"query-input":{"@type":"PropertyValueSpecification","valueRequired":true,"valueName":"search_term_string"}}],"inLanguage":"ca-ES"}]}},"_links":{"self":[{"href":"https:\/\/www.pastisseriesgil.com\/ca\/wp-json\/wp\/v2\/pages\/1488","targetHints":{"allow":["GET"]}}],"collection":[{"href":"https:\/\/www.pastisseriesgil.com\/ca\/wp-json\/wp\/v2\/pages"}],"about":[{"href":"https:\/\/www.pastisseriesgil.com\/ca\/wp-json\/wp\/v2\/types\/page"}],"author":[{"embeddable":true,"href":"https:\/\/www.pastisseriesgil.com\/ca\/wp-json\/wp\/v2\/users\/1"}],"replies":[{"embeddable":true,"href":"https:\/\/www.pastisseriesgil.com\/ca\/wp-json\/wp\/v2\/comments?post=1488"}],"version-history":[{"count":0,"href":"https:\/\/www.pastisseriesgil.com\/ca\/wp-json\/wp\/v2\/pages\/1488\/revisions"}],"wp:attachment":[{"href":"https:\/\/www.pastisseriesgil.com\/ca\/wp-json\/wp\/v2\/media?parent=1488"}],"curies":[{"name":"wp","href":"https:\/\/api.w.org\/{rel}","templated":true}]}}